{"id":1057,"date":"2016-12-29T10:02:45","date_gmt":"2016-12-29T10:02:45","guid":{"rendered":"http:\/\/docbarcelona.com\/?page_id=1057"},"modified":"2019-07-12T11:11:35","modified_gmt":"2019-07-12T11:11:35","slug":"politica-de-privacidad","status":"publish","type":"page","link":"https:\/\/docbarcelona.com\/es\/politica-de-privacidad\/","title":{"rendered":"Pol\u00edtica de privacidad"},"content":{"rendered":"\n<p>DISSENY, ORGANITZACI\u00d3 I CAR\u00c0CTER, SL, com a responsable d&#8217;aquest Lloc Web i de conformitat amb el que disposa la Llei Org\u00e0nica 15\/1999, de 13 de desembre, de Protecci\u00f3 de Dades de Car\u00e0cter Personal (LOPD) i la Llei 34\/2002, d&#8217;11 de juliol, de Serveis de la Societat de la Informaci\u00f3 i de Comer\u00e7 Electr\u00f2nic (LSSICE), ha posat en pr\u00e0ctica aquelles pol\u00edtiques, mitjans i procediments t\u00e8cnics i organitzatius per garantir i protegir la confidencialitat, integritat i disponibilitat de les dades de car\u00e0cter personal dels seus usuaris. Aquestes dades seran tractades en un\/s fitxer\/s degudament inscrit\/s a l&#8217;Ag\u00e8ncia Espanyola de Protecci\u00f3 de Dades, de conformitat amb el que s&#8217;estableix en la legislaci\u00f3 vigent.<\/p>\n\n\n\n<p>En el cas que les dades que ha de facilitar l&#8217;usuari siguin necess\u00e0ries perqu\u00e8 l&#8217;equip de DISSENY, ORGANITZACI\u00d3 I CAR\u00c0CTER, SL pugui i) respondre les consultes, proporcionar informacions requerides per l&#8217;usuari; ii) realitzar tota aquella prestaci\u00f3 de serveis i\/o productes contractats o subscrits per l&#8217;usuari; iii) proporcionar acc\u00e9s a l&#8217;usuari a determinades funcionalitats del Lloc Web; o b\u00e9 iv) realitzar totes aquelles activitats pr\u00f2pies de DISSENY, ORGANITZACI\u00d3 I CAR\u00c0CTER, SL aqu\u00ed ressenyades, DISSENY, ORGANITZACI\u00d3 I CAR\u00c0CTER, SL informar\u00e0 d&#8217;aquesta obligatorietat a l&#8217;usuari, indicant-li quines dades cal complimentar necess\u00e0riament. Mitjan\u00e7ant la indicaci\u00f3, facilitaci\u00f3 o introducci\u00f3 d&#8217;aquestes dades i de conformitat amb el que estableix l&#8217;article 6 de la L.O.P.D. l&#8217;usuari atorga consentiment inequ\u00edvoc a DISSENY, ORGANITZACI\u00d3 I CAR\u00c0CTER, SL perqu\u00e8 procedeixi al tractament de les dades subministrades en benefici de les finalitats esmentades anteriorment aix\u00ed com per l&#8217;eventual enviament de comunicacions comercials de DISSENY, ORGANITZACI\u00d3 I CAR\u00c0CTER, SL que puguin ser de l&#8217;inter\u00e8s del usuari.<\/p>\n\n\n\n<p>L&#8217;entitat responsable de la base de dades, aix\u00ed com les persones que intervinguin en qualsevol fase del tractament i\/o les entitats a les quals els hagin estat comunicades -si s&#8217;escau i en virtut de la corresponent autoritzaci\u00f3 conferida per l&#8217;usuari-, estan obligades a observar el secret professional i a adoptar els nivells de protecci\u00f3 i les mesures t\u00e8cniques i organitzatives al seu abast que garanteixin la seguretat de les dades de car\u00e0cter personal, evitant, en la mesura que es pugui, accessos no autoritzats, modificacions il\u00b7l\u00edcites, sostraccions i\/o la p\u00e8rdua de les dades, a fi de procurar el corresponent nivell de seguretat als fitxers de DISSENY, ORGANITZACI\u00d3 I CAR\u00c0CTER, SL, segons la naturalesa i sensibilitat de les dades facilitades pels usuaris d&#8217;aquest Lloc Web. Igualment, DISSENY, ORGANITZACI\u00d3 I CAR\u00c0CTER, SL es compromet a tenir implementades les mesures de seguretat que corresponguin en virtut del que est\u00e0 establert en el Reglament de Mesures de (R.D. 1720\/2007).<\/p>\n\n\n\n<p>Els usuaris tenen reconeguda per la indicada Llei Org\u00e0nica de Protecci\u00f3 de Dades els drets d&#8217;acc\u00e9s, rectificaci\u00f3, cancel\u00b7laci\u00f3 i oposici\u00f3 i, si s&#8217;escau, el dret a revocar en qualsevol moment el consentiment a la recepci\u00f3 de comunicacions comercials, mitjan\u00e7ant l&#8217;enviament d&#8217;un correu electr\u00f2nic a raul@docbarcelona.com o una carta a C\/ Argentona, 11 1er 2a, 08302 Matar\u00f3, (Barcelona).<\/p>\n\n\n\n<h1>NEWSLETTER<\/h1>\n\n\n\n<p>En acceptar les presents condicions, termes i pol\u00edtiques i, en especial, en enviar l&#8217;usuari les seves dades de car\u00e0cter personal a DISSENY, ORGANITZACI\u00d3 I CAR\u00c0CTER, SL, aquest consent expressament que DISSENY, ORGANITZACI\u00d3 I CAR\u00c0CTER, SL realitzi les seg\u00fcents activitats i\/o accions, llevat que indiqui el contrari a l&#8217;hora de contractar o subscriure qualsevol producte i\/o servei de DISSENY, ORGANITZACI\u00d3 I CAR\u00c0CTER, SL o com a resultat d&#8217;una revocaci\u00f3 posterior del consentiment inicialment atorgat:<\/p>\n\n\n\n<p>&#8211; L&#8217;enviament de comunicacions comercials i\/o promocionals en paper, informant els usuaris de les activitats, promocions, publicitat, not\u00edcies, ofertes i altra informaci\u00f3 sobre els serveis i productes relacionats amb l&#8217;activitat comercial de DISSENY, ORGANITZACI\u00d3 I CAR\u00c0CTER, SL.<\/p>\n\n\n\n<p>&#8211; L&#8217;enviament de comunicacions comercials per via electr\u00f2nica, informant els usuaris de les activitats, promocions, publicitat, not\u00edcies, ofertes i altra informaci\u00f3 sobre els serveis i productes de DISSENY, ORGANITZACI\u00d3 I CAR\u00c0CTER, SL iguals o similars als que van ser inicialment objecte de contractaci\u00f3 o d&#8217;inter\u00e8s per l&#8217;usuari.<\/p>\n\n\n\n<p>&#8211; La conservaci\u00f3 de les dades durant els terminis previstos a les disposicions aplicables. Sense perjudici del que s&#8217;ha esmentat anteriorment, no es considerar\u00e0 comunicaci\u00f3 comercial i\/o publicit\u00e0ria tota aquella informaci\u00f3 enviada per DISSENY, ORGANITZACI\u00d3 I CAR\u00c0CTER, SL -fins i tot per mitjans electr\u00f2nics- als usuaris de DISSENY, ORGANITZACI\u00d3 I CAR\u00c0CTER, SL amb la finalitat de dur a terme, executar i\/o desenvolupar qualsevol prestaci\u00f3 subscrita o contractada per l&#8217;usuari -tot i que no hagu\u00e9s estat subscrita per mitjans electr\u00f2nics- i totes les altres tasques, accions i\/o activitats derivades de la relaci\u00f3 contractual i\/o comercial.<\/p>\n\n\n\n<p>L&#8217;interessat podr\u00e0 revocar el seu consentiment a la recepci\u00f3 de comunicacions comercials, enviant una carta a DISSENY, ORGANITZACI\u00d3 I CAR\u00c0CTER, SL, al domicili C\/ Argentona, 11 1er 2a, 08302 Matar\u00f3, (Barcelona) o per correu electr\u00f2nic a l&#8217;adre\u00e7a raul@docbarcelona.com amb l&#8217;assumpte \u00abBAIXA\u00bb.<\/p>\n\n\n\n<h1>CONTACTE<\/h1>\n\n\n\n<p>La comunicaci\u00f3 enviada quedar\u00e0 incorporada als sistemes d&#8217;informaci\u00f3 de DISSENY, ORGANITZACI\u00d3 I CAR\u00c0CTER, SL. Aquesta comunicaci\u00f3 s&#8217;utilitzar\u00e0 exclusivament per atendre la seva sol\u00b7licitud. Mitjan\u00e7ant la indicaci\u00f3 de les seves dades i de conformitat amb el que s&#8217;estableix a l&#8217;article 6 de la L.O.P.D. vost\u00e8 atorga consentiment inequ\u00edvoc a DISSENY, ORGANITZACI\u00d3 I CAR\u00c0CTER, SL perqu\u00e8 procedeixi, en compliment de les finalitats esmentades a l&#8217;apartat anterior, al tractament de les dades personals facilitades. De la mateixa forma, aquest consentiment s&#8217;est\u00e9n a la cessi\u00f3 de les dades d&#8217;acord amb la legislaci\u00f3 aplicable.<\/p>\n\n\n\n<p>En qualsevol moment vost\u00e8 podr\u00e0 exercir els drets d&#8217;acc\u00e9s, rectificaci\u00f3, oposici\u00f3 i, si s&#8217;escau, cancel\u00b7laci\u00f3, comunicant-ho per escrit, tot indicant les seves dades personals a DISSENY, ORGANITZACI\u00d3 I CAR\u00c0CTER, SL, al domicili C\/ Argentona, 11 1er 2a, 08302 Matar\u00f3, (Barcelona) o mitjan\u00e7ant l&#8217;enviament d&#8217;un correu electr\u00f2nic a raul@docbarcelona.com.<\/p>\n","protected":false},"excerpt":{"rendered":"<p>DISSENY, ORGANITZACI\u00d3 I CAR\u00c0CTER, SL, com a responsable d&#8217;aquest Lloc Web i de conformitat amb el que disposa la Llei Org\u00e0nica 15\/1999, de 13 de [&hellip;]<\/p>\n","protected":false},"author":3,"featured_media":0,"parent":0,"menu_order":0,"comment_status":"closed","ping_status":"closed","template":"","meta":{"inline_featured_image":false},"tags":[],"_links":{"self":[{"href":"https:\/\/docbarcelona.com\/es\/wp-json\/wp\/v2\/pages\/1057"}],"collection":[{"href":"https:\/\/docbarcelona.com\/es\/wp-json\/wp\/v2\/pages"}],"about":[{"href":"https:\/\/docbarcelona.com\/es\/wp-json\/wp\/v2\/types\/page"}],"author":[{"embeddable":true,"href":"https:\/\/docbarcelona.com\/es\/wp-json\/wp\/v2\/users\/3"}],"replies":[{"embeddable":true,"href":"https:\/\/docbarcelona.com\/es\/wp-json\/wp\/v2\/comments?post=1057"}],"version-history":[{"count":3,"href":"https:\/\/docbarcelona.com\/es\/wp-json\/wp\/v2\/pages\/1057\/revisions"}],"predecessor-version":[{"id":4311,"href":"https:\/\/docbarcelona.com\/es\/wp-json\/wp\/v2\/pages\/1057\/revisions\/4311"}],"wp:attachment":[{"href":"https:\/\/docbarcelona.com\/es\/wp-json\/wp\/v2\/media?parent=1057"}],"wp:term":[{"taxonomy":"post_tag","embeddable":true,"href":"https:\/\/docbarcelona.com\/es\/wp-json\/wp\/v2\/tags?post=1057"}],"curies":[{"name":"wp","href":"https:\/\/api.w.org\/{rel}","templated":true}]}}