{"id":3803,"date":"2019-06-13T08:44:46","date_gmt":"2019-06-13T08:44:46","guid":{"rendered":"https:\/\/docbarcelona.com\/?page_id=3803"},"modified":"2020-09-25T07:10:40","modified_gmt":"2020-09-25T07:10:40","slug":"diseno-grafico-mataro","status":"publish","type":"page","link":"https:\/\/docbarcelona.com\/es\/diseno-grafico-mataro\/","title":{"rendered":"Dise\u00f1o gr\u00e1fico Matar\u00f3"},"content":{"rendered":"\n<p>Somos una agencia de&nbsp;<strong>dise\u00f1o gr\u00e1fico en Matar\u00f3<\/strong>. Oferecemos nuestros servicios en el Maresme y en la zona metropolitana de Barcelona. Compuesta por un grupo de profesionales especializados en distintas disciplinas que se centren en el dise\u00f1o de marca y el entorno digital (<a rel=\"noreferrer noopener\" aria-label=\"Ver equipo (abre en una nueva pesta\u00f1a)\" href=\"https:\/\/docbarcelona.com\/es\/equipo\/\" target=\"_blank\">Ver equipo<\/a>).<\/p>\n\n\n\n<div style=\"height:20px\" aria-hidden=\"true\" class=\"wp-block-spacer\"><\/div>\n\n\n\n<figure class=\"wp-block-image\"><img decoding=\"async\" loading=\"lazy\" width=\"1000\" height=\"750\" src=\"https:\/\/docbarcelona.com\/wp-content\/uploads\/2019\/06\/docbarcelona-reunio.jpg\" alt=\"\" class=\"wp-image-3808\" srcset=\"https:\/\/docbarcelona.com\/wp-content\/uploads\/2019\/06\/docbarcelona-reunio.jpg 1000w, https:\/\/docbarcelona.com\/wp-content\/uploads\/2019\/06\/docbarcelona-reunio-300x225.jpg 300w, https:\/\/docbarcelona.com\/wp-content\/uploads\/2019\/06\/docbarcelona-reunio-768x576.jpg 768w\" sizes=\"(max-width: 1000px) 100vw, 1000px\" \/><\/figure>\n\n\n\n<h2>Especialistas en branding y comunicaci\u00f3n digital. Desarrollamos proyectos a medida a cada cliente. Trabajamos para que nuestros clientes obtengan un&nbsp;valor a\u00f1adido en todos los procesos, tanto a nivel personal como profesional. <\/h2>\n\n\n\n<p>Queremos dotar a las marcas con las que trabajamos de las herramientas necesarias para&nbsp;<strong>destacar en un mercado competitivo<\/strong>&nbsp;y generar inter\u00e9s por su producto i servicios. Aportamos valores para crear un inter\u00e9s real a los usuarios desde un prisma de dise\u00f1o estrat\u00e9gico.<\/p>\n\n\n\n<div style=\"height:20px\" aria-hidden=\"true\" class=\"wp-block-spacer\"><\/div>\n\n\n\n<figure class=\"wp-block-image\"><img decoding=\"async\" loading=\"lazy\" width=\"1000\" height=\"750\" src=\"https:\/\/docbarcelona.com\/wp-content\/uploads\/2019\/06\/docbarcelona_2.jpg\" alt=\"\" class=\"wp-image-3812\" srcset=\"https:\/\/docbarcelona.com\/wp-content\/uploads\/2019\/06\/docbarcelona_2.jpg 1000w, https:\/\/docbarcelona.com\/wp-content\/uploads\/2019\/06\/docbarcelona_2-300x225.jpg 300w, https:\/\/docbarcelona.com\/wp-content\/uploads\/2019\/06\/docbarcelona_2-768x576.jpg 768w\" sizes=\"(max-width: 1000px) 100vw, 1000px\" \/><\/figure>\n\n\n\n<div style=\"height:20px\" aria-hidden=\"true\" class=\"wp-block-spacer\"><\/div>\n\n\n\n<p>Algunos de nuestros servicios s\u00f3n:<\/p>\n\n\n\n<ul><li><strong>Dise\u00f1o de identidad corporativa<\/strong><\/li><li><strong>Naming<\/strong><\/li><li><strong>Packaging<\/strong><\/li><li><strong>Se\u00f1al\u00e9tica<\/strong><\/li><li><strong>Dise\u00f1o de cat\u00e1logos y revistas<\/strong><\/li><li><strong>Fotograf\u00eda de producto y situaci\u00f3n<\/strong><\/li><li><strong>Producciones audiovisuales<\/strong><\/li><li><strong>Dise\u00f1o y desarrollo de p\u00e1ginas web<\/strong><\/li><li><strong>Desarrollo de comercio electr\u00f3nico<\/strong><\/li><li><strong>Redacci\u00f3n de contenidos y SEO<\/strong><\/li><\/ul>\n\n\n\n<p>Dise\u00f1amos y desarrollamos proyectos integrales de branding, dise\u00f1o estrat\u00e9gico y comunicaci\u00f3n digital. Creamos productos visuales y branded content que acerca las marcas a la gente.<\/p>\n\n\n\n<div style=\"height:20px\" aria-hidden=\"true\" class=\"wp-block-spacer\"><\/div>\n\n\n\n<figure class=\"wp-block-image\"><img decoding=\"async\" loading=\"lazy\" width=\"1024\" height=\"768\" src=\"https:\/\/docbarcelona.com\/wp-content\/uploads\/2019\/06\/docbarcelona_1-1024x768.jpg\" alt=\"\" class=\"wp-image-3814\" srcset=\"https:\/\/docbarcelona.com\/wp-content\/uploads\/2019\/06\/docbarcelona_1-1024x768.jpg 1024w, https:\/\/docbarcelona.com\/wp-content\/uploads\/2019\/06\/docbarcelona_1-300x225.jpg 300w, https:\/\/docbarcelona.com\/wp-content\/uploads\/2019\/06\/docbarcelona_1-768x576.jpg 768w, https:\/\/docbarcelona.com\/wp-content\/uploads\/2019\/06\/docbarcelona_1.jpg 1200w\" sizes=\"(max-width: 1024px) 100vw, 1024px\" \/><\/figure>\n\n\n\n<h2>Estudio de dise\u00f1o gr\u00e1fico en Matar\u00f3. <\/h2>\n\n\n\n<p>Desarrollamos proyectos de calidad con empat\u00eda y eficacia conjuntamente con nuestros clientes, siempre en l\u00ednea con las necesidades de las marcas. Somos un equipo din\u00e1mico y con una meta compartida: situar a las marcas con las que trabajamos en un estadio de negocio superior.<\/p>\n\n\n\n<div style=\"height:25px\" aria-hidden=\"true\" class=\"wp-block-spacer\"><\/div>\n\n\n\n<h2><a rel=\"noreferrer noopener\" aria-label=\"Muralla de Sant Lloren\u00e7 n\u00ba37 \nPlanta 3 \u00b7 08301\nMatar\u00f3 (Barcelona)\nT - 93 790 27 53 (abre en una nueva pesta\u00f1a)\" href=\"https:\/\/goo.gl\/maps\/X4wEBZKNEU57SdE57\" target=\"_blank\">Muralla de Sant Lloren\u00e7 n\u00ba37 <br>Planta 3 \u00b7 08301<br>Matar\u00f3 (Barcelona)<br>T &#8211; 93 790 27 53<\/a>&nbsp;<\/h2>\n\n\n\n<h2><br><a href=\"doc@docbarcelona.com\">doc@docbarcelona.com<\/a><\/h2>\n\n\n\n<div style=\"height:20px\" aria-hidden=\"true\" class=\"wp-block-spacer\"><\/div>\n\n\n\n<p><a href=\"https:\/\/docbarcelona.com\/es\/contacto\/\">Contacta con nosotros<\/a><\/p>\n","protected":false},"excerpt":{"rendered":"<p>Somos una agencia de&nbsp;dise\u00f1o gr\u00e1fico en Matar\u00f3. Oferecemos nuestros servicios en el Maresme y en la zona metropolitana de Barcelona. Compuesta por un grupo de [&hellip;]<\/p>\n","protected":false},"author":3,"featured_media":4855,"parent":0,"menu_order":0,"comment_status":"closed","ping_status":"closed","template":"template-blog.php","meta":{"inline_featured_image":false},"tags":[124],"_links":{"self":[{"href":"https:\/\/docbarcelona.com\/es\/wp-json\/wp\/v2\/pages\/3803"}],"collection":[{"href":"https:\/\/docbarcelona.com\/es\/wp-json\/wp\/v2\/pages"}],"about":[{"href":"https:\/\/docbarcelona.com\/es\/wp-json\/wp\/v2\/types\/page"}],"author":[{"embeddable":true,"href":"https:\/\/docbarcelona.com\/es\/wp-json\/wp\/v2\/users\/3"}],"replies":[{"embeddable":true,"href":"https:\/\/docbarcelona.com\/es\/wp-json\/wp\/v2\/comments?post=3803"}],"version-history":[{"count":17,"href":"https:\/\/docbarcelona.com\/es\/wp-json\/wp\/v2\/pages\/3803\/revisions"}],"predecessor-version":[{"id":4859,"href":"https:\/\/docbarcelona.com\/es\/wp-json\/wp\/v2\/pages\/3803\/revisions\/4859"}],"wp:featuredmedia":[{"embeddable":true,"href":"https:\/\/docbarcelona.com\/es\/wp-json\/wp\/v2\/media\/4855"}],"wp:attachment":[{"href":"https:\/\/docbarcelona.com\/es\/wp-json\/wp\/v2\/media?parent=3803"}],"wp:term":[{"taxonomy":"post_tag","embeddable":true,"href":"https:\/\/docbarcelona.com\/es\/wp-json\/wp\/v2\/tags?post=3803"}],"curies":[{"name":"wp","href":"https:\/\/api.w.org\/{rel}","templated":true}]}}