{"id":3837,"date":"2019-06-13T10:23:52","date_gmt":"2019-06-13T10:23:52","guid":{"rendered":"https:\/\/docbarcelona.com\/?page_id=3837"},"modified":"2020-09-25T07:28:17","modified_gmt":"2020-09-25T07:28:17","slug":"diseno-web-mataro","status":"publish","type":"page","link":"https:\/\/docbarcelona.com\/es\/diseno-web-mataro\/","title":{"rendered":"Dise\u00f1o web Matar\u00f3"},"content":{"rendered":"\n<p>DOC es un estudio de dise\u00f1o web en Matar\u00f3. Te ayudamos a desarrollar&nbsp;<strong>experiencias interactivas<\/strong>&nbsp;que van m\u00e1s all\u00e1 del dise\u00f1o de una plataforma, que transmiten y comunican tus proyectos con intenci\u00f3n y sensibilidad.<\/p>\n\n\n\n<div id=\"ez-toc-container\" class=\"ez-toc-v2_0_39 counter-flat ez-toc-counter ez-toc-grey ez-toc-container-direction\">\n<div class=\"ez-toc-title-container\">\n<p class=\"ez-toc-title\">&iquest;Qu&eacute; encontrar&aacute;s en esta p&aacute;gina?<\/p>\n<span class=\"ez-toc-title-toggle\"><\/span><\/div>\n<nav><ul class='ez-toc-list ez-toc-list-level-1 ' ><li class='ez-toc-page-1'><a class=\"ez-toc-link ez-toc-heading-1\" href=\"https:\/\/docbarcelona.com\/es\/diseno-web-mataro\/#Estudio_de_diseno_de_paginas_web_en_Mataro\" title=\"Estudio de dise\u00f1o de p\u00e1ginas web en Matar\u00f3\">Estudio de dise\u00f1o de p\u00e1ginas web en Matar\u00f3<\/a><\/li><li class='ez-toc-page-1'><a class=\"ez-toc-link ez-toc-heading-2\" href=\"https:\/\/docbarcelona.com\/es\/diseno-web-mataro\/#Diseno_UX_i_UI\" title=\"Dise\u00f1o UX i UI\">Dise\u00f1o UX i UI<\/a><\/li><li class='ez-toc-page-1'><a class=\"ez-toc-link ez-toc-heading-3\" href=\"https:\/\/docbarcelona.com\/es\/diseno-web-mataro\/#Desarrollo_web\" title=\"Desarrollo web\">Desarrollo web<\/a><\/li><li class='ez-toc-page-1'><a class=\"ez-toc-link ez-toc-heading-4\" href=\"https:\/\/docbarcelona.com\/es\/diseno-web-mataro\/#eCommerce\" title=\"eCommerce\">eCommerce<\/a><\/li><li class='ez-toc-page-1'><a class=\"ez-toc-link ez-toc-heading-5\" href=\"https:\/\/docbarcelona.com\/es\/diseno-web-mataro\/#Aplicaciones_para_moviles\" title=\"Aplicaciones para m\u00f3viles\">Aplicaciones para m\u00f3viles<\/a><\/li><\/ul><\/nav><\/div>\n<h2><span class=\"ez-toc-section\" id=\"Estudio_de_diseno_de_paginas_web_en_Mataro\"><\/span>Estudio de dise\u00f1o de p\u00e1ginas web en Matar\u00f3<span class=\"ez-toc-section-end\"><\/span><\/h2>\n\n\n\n<p>Dise\u00f1o a medida, creaci\u00f3n de <strong>proyectos \u00fanicos<\/strong>. Hacemos dise\u00f1o web, aplicaciones, eCommerce y productos digitales.<\/p>\n\n\n\n<div style=\"height:20px\" aria-hidden=\"true\" class=\"wp-block-spacer\"><\/div>\n\n\n\n<figure class=\"wp-block-image\"><img decoding=\"async\" loading=\"lazy\" width=\"1024\" height=\"615\" src=\"https:\/\/docbarcelona.com\/wp-content\/uploads\/2019\/05\/Plantikum_home_ok-1024x615.jpg\" alt=\"\" class=\"wp-image-3611\" srcset=\"https:\/\/docbarcelona.com\/wp-content\/uploads\/2019\/05\/Plantikum_home_ok-1024x615.jpg 1024w, https:\/\/docbarcelona.com\/wp-content\/uploads\/2019\/05\/Plantikum_home_ok-300x180.jpg 300w, https:\/\/docbarcelona.com\/wp-content\/uploads\/2019\/05\/Plantikum_home_ok-768x461.jpg 768w, https:\/\/docbarcelona.com\/wp-content\/uploads\/2019\/05\/Plantikum_home_ok.jpg 1200w\" sizes=\"(max-width: 1024px) 100vw, 1024px\" \/><\/figure>\n\n\n\n<p>Construimos&nbsp;<strong>experiencias con valor<\/strong>. Investigamos y planificamos una estrategia clara de dise\u00f1o y comunicaci\u00f3n donde analizamos detenidamente cada elemento que compone la experiencia de usuario para ofrecer un proyecto de \u00e9xito.<\/p>\n\n\n\n<h2><span class=\"ez-toc-section\" id=\"Diseno_UX_i_UI\"><\/span>Dise\u00f1o UX i UI<span class=\"ez-toc-section-end\"><\/span><\/h2>\n\n\n\n<p>Creamos sistemas de navegaci\u00f3n que ofrecen experiencias agradables a la audiencia y&nbsp;<strong>generan confianza con la marca<\/strong>. Analizamos la interacci\u00f3n y la exploraci\u00f3n que realizan los usuarios en Internet trav\u00e9s de un&nbsp;<strong>exhaustivo proceso de dise\u00f1o y usabilidad<\/strong>.<\/p>\n\n\n\n<ul><li><strong>Usabilidad<\/strong><ul><li>Entendemos la usabilidad como el dise\u00f1o de la interfaz y su arquitectura para la construcci\u00f3n de una plataforma&nbsp;<strong>efectiva, eficiente y satisfactoria<\/strong>&nbsp;para el usuario.<\/li><\/ul><\/li><li><strong>Dise\u00f1o web<\/strong><ul><li>Nos centramos en el <strong>dise\u00f1o responsive<\/strong>, que nos permite reducir el tiempo en el desarrollo de plataformas, evita contenidos duplicados y <strong>aumenta la visibilidad y la viralidad de los contenidos<\/strong>. Sistema r\u00e1pido para la marca, f\u00e1cil para el usuario.<\/li><\/ul><\/li><\/ul>\n\n\n\n<h2><span class=\"ez-toc-section\" id=\"Desarrollo_web\"><\/span>Desarrollo web<span class=\"ez-toc-section-end\"><\/span><\/h2>\n\n\n\n<p>Dise\u00f1adores y desarrolladores trabajan junto para crear&nbsp;<strong>experiencias digitales a medida adaptadas<\/strong>&nbsp;a las especificaciones de cada marca. A trav\u00e9s de un dise\u00f1o web en Matar\u00f3 de calidad desarrollamos plataformas y aplicaciones web con valor de marca que brillan en entornos exigentes.<\/p>\n\n\n\n<p>Programamos el&nbsp;<em>front end<\/em>&nbsp;con&nbsp;<strong>HTML y CSS3<\/strong>, la l\u00f3gica del back end con&nbsp;<strong>ANGULAR JS<\/strong>&nbsp;y las funcionalidades de las aplicaciones web con librer\u00edas de&nbsp;<strong>JavaScript<\/strong>&nbsp;como JQuery.<\/p>\n\n\n\n<h2><span class=\"ez-toc-section\" id=\"eCommerce\"><\/span>eCommerce<span class=\"ez-toc-section-end\"><\/span><\/h2>\n\n\n\n<p>Posicionamos las marcas a un nivel superior. Desarrollamos&nbsp;<strong>comercios digitales funcionales y con consistencia de marca<\/strong>.<\/p>\n\n\n\n<figure class=\"wp-block-image\"><img decoding=\"async\" loading=\"lazy\" width=\"1500\" height=\"804\" src=\"https:\/\/docbarcelona.com\/wp-content\/uploads\/2019\/05\/Responsive_MON.jpg\" alt=\"\" class=\"wp-image-3623\" srcset=\"https:\/\/docbarcelona.com\/wp-content\/uploads\/2019\/05\/Responsive_MON.jpg 1500w, https:\/\/docbarcelona.com\/wp-content\/uploads\/2019\/05\/Responsive_MON-300x161.jpg 300w, https:\/\/docbarcelona.com\/wp-content\/uploads\/2019\/05\/Responsive_MON-768x412.jpg 768w, https:\/\/docbarcelona.com\/wp-content\/uploads\/2019\/05\/Responsive_MON-1024x549.jpg 1024w\" sizes=\"(max-width: 1500px) 100vw, 1500px\" \/><\/figure>\n\n\n\n<ul><li><strong>Storytelling de producto<\/strong><ul><li>El&nbsp;<em>storytelling<\/em>&nbsp;crea v\u00ednculos emocionales. Facilitamos conexiones identitarias entre los usuarios y las caracter\u00edsticas de los productos que&nbsp;<strong>incentivan e inducen la compra<\/strong>.<\/li><\/ul><\/li><li><strong>Venta relacionada<\/strong><ul><li>En un eCommerce el producto siempre debe estar presente, es el rey. Creando&nbsp;<strong>relaciones entre productos<\/strong>conduciremos a los usuarios el producto que desean. Cuanto m\u00e1s asertiva sea la relaci\u00f3n, m\u00e1s aumentar\u00e1 el ratio de venta.<\/li><\/ul><\/li><li><strong>Administraci\u00f3n de contenidos<\/strong><ul><li>Creamos&nbsp;<strong>sistemas escalables, intuitivos y f\u00e1ciles<\/strong>&nbsp;para la gesti\u00f3n de contenidos. A trav\u00e9s del CMS de&nbsp;<strong>WordPress<\/strong>&nbsp;y el&nbsp;<strong>Woo Commerce<\/strong>&nbsp;y, con una programaci\u00f3n espec\u00edfica, determinamos back ends efectivos. La correcta estructuraci\u00f3n t\u00e9cnica del site permitir\u00e1 la creaci\u00f3n de una plataforma de venta administrable y perdurable.<\/li><\/ul><\/li><\/ul>\n\n\n\n<h2><span class=\"ez-toc-section\" id=\"Aplicaciones_para_moviles\"><\/span>Aplicaciones para m\u00f3viles<span class=\"ez-toc-section-end\"><\/span><\/h2>\n\n\n\n<p>Damos visibilidad a tus proyectos a trav\u00e9s del mobile design y el framework Ionic que permite la&nbsp;<strong>programaci\u00f3n h\u00edbrida de IOS, Android y Windows<\/strong>. Gestionamos la integraci\u00f3n de apps de contenido est\u00e1tico y din\u00e1mico en diferentes market plazas.<\/p>\n\n\n\n<figure class=\"wp-block-image\"><img decoding=\"async\" loading=\"lazy\" width=\"1024\" height=\"694\" src=\"https:\/\/docbarcelona.com\/wp-content\/uploads\/2017\/09\/MA_smart-1024x694.jpg\" alt=\"\" class=\"wp-image-3331\" srcset=\"https:\/\/docbarcelona.com\/wp-content\/uploads\/2017\/09\/MA_smart-1024x694.jpg 1024w, https:\/\/docbarcelona.com\/wp-content\/uploads\/2017\/09\/MA_smart-300x203.jpg 300w, https:\/\/docbarcelona.com\/wp-content\/uploads\/2017\/09\/MA_smart-768x520.jpg 768w, https:\/\/docbarcelona.com\/wp-content\/uploads\/2017\/09\/MA_smart.jpg 2000w\" sizes=\"(max-width: 1024px) 100vw, 1024px\" \/><\/figure>\n\n\n\n<p>La ventaja de las APPS respecto de las p\u00e1ginas web es que pueden interactuar con las funcionalidades del tel\u00e9fono. Con la librer\u00eda de extensiones Cordova \/ PhoneGap conseguimos&nbsp;<strong>sincronizar funcionalidades<\/strong>&nbsp;como la geolocalizaci\u00f3n, la c\u00e1mara o el giroscopio.<\/p>\n\n\n\n<div style=\"height:20px\" aria-hidden=\"true\" class=\"wp-block-spacer\"><\/div>\n\n\n\n<h3><a rel=\"noreferrer noopener\" href=\"https:\/\/goo.gl\/maps\/X4wEBZKNEU57SdE57\" target=\"_blank\">Muralla de Sant Lloren\u00e7 n\u00ba37 <br>Planta 3 \u00b7 08301<br>Matar\u00f3 (Barcelona)<br>T &#8211; 93 790 27 53<\/a>&nbsp;<\/h3>\n\n\n\n<h3><a href=\"doc@docbarcelona.com\">doc@docbarcelona.com<\/a><\/h3>\n\n\n\n<p><a href=\"https:\/\/docbarcelona.com\/contacte\/\" class=\"rank-math-link\">Contacta con nosotros<\/a><\/p>\n","protected":false},"excerpt":{"rendered":"<p>DOC es un estudio de dise\u00f1o web en Matar\u00f3. Te ayudamos a desarrollar&nbsp;experiencias interactivas&nbsp;que van m\u00e1s all\u00e1 del dise\u00f1o de una plataforma, que transmiten y [&hellip;]<\/p>\n","protected":false},"author":3,"featured_media":4701,"parent":0,"menu_order":0,"comment_status":"closed","ping_status":"closed","template":"template-blog.php","meta":{"inline_featured_image":false},"tags":[126],"_links":{"self":[{"href":"https:\/\/docbarcelona.com\/es\/wp-json\/wp\/v2\/pages\/3837"}],"collection":[{"href":"https:\/\/docbarcelona.com\/es\/wp-json\/wp\/v2\/pages"}],"about":[{"href":"https:\/\/docbarcelona.com\/es\/wp-json\/wp\/v2\/types\/page"}],"author":[{"embeddable":true,"href":"https:\/\/docbarcelona.com\/es\/wp-json\/wp\/v2\/users\/3"}],"replies":[{"embeddable":true,"href":"https:\/\/docbarcelona.com\/es\/wp-json\/wp\/v2\/comments?post=3837"}],"version-history":[{"count":12,"href":"https:\/\/docbarcelona.com\/es\/wp-json\/wp\/v2\/pages\/3837\/revisions"}],"predecessor-version":[{"id":4871,"href":"https:\/\/docbarcelona.com\/es\/wp-json\/wp\/v2\/pages\/3837\/revisions\/4871"}],"wp:featuredmedia":[{"embeddable":true,"href":"https:\/\/docbarcelona.com\/es\/wp-json\/wp\/v2\/media\/4701"}],"wp:attachment":[{"href":"https:\/\/docbarcelona.com\/es\/wp-json\/wp\/v2\/media?parent=3837"}],"wp:term":[{"taxonomy":"post_tag","embeddable":true,"href":"https:\/\/docbarcelona.com\/es\/wp-json\/wp\/v2\/tags?post=3837"}],"curies":[{"name":"wp","href":"https:\/\/api.w.org\/{rel}","templated":true}]}}