{"id":4065,"date":"2019-06-27T08:57:43","date_gmt":"2019-06-27T08:57:43","guid":{"rendered":"https:\/\/docbarcelona.com\/?page_id=4065"},"modified":"2020-09-25T07:12:33","modified_gmt":"2020-09-25T07:12:33","slug":"diseno-de-catalogos-y-revistas","status":"publish","type":"page","link":"https:\/\/docbarcelona.com\/es\/diseno-de-catalogos-y-revistas\/","title":{"rendered":"Dise\u00f1o de cat\u00e1logos y revistas"},"content":{"rendered":"\n<p>Hacemos <strong>dise\u00f1o gr\u00e1fico<\/strong> y dise\u00f1o de cat\u00e1logos y revistas.<\/p>\n\n\n\n<h2 class=\"subtitol\">Dise\u00f1o editorial, dise\u00f1o de cat\u00e1logos y revistas o maquetaci\u00f3n editorial son algunos de los servicios de dise\u00f1o gr\u00e1fico que llevamos a cabo en DOC Barcelona.<\/h2>\n\n\n\n<p class=\"paragraf\">Somos <strong>especialistas en el dise\u00f1o<\/strong> de cat\u00e1logos y revistas con todos sus formatos y tipolog\u00edas.<\/p>\n\n\n\n<figure class=\"wp-block-image\"><img decoding=\"async\" loading=\"lazy\" width=\"2000\" height=\"1281\" src=\"http:\/\/docbarcelona.com\/wp-content\/uploads\/2017\/01\/cataleg_1_grifone_a-1.jpg\" alt=\"dise\u00f1o de cat\u00e1logos y revistas - doc barcelona\" class=\"wp-image-805\" srcset=\"https:\/\/docbarcelona.com\/wp-content\/uploads\/2017\/01\/cataleg_1_grifone_a-1.jpg 2000w, https:\/\/docbarcelona.com\/wp-content\/uploads\/2017\/01\/cataleg_1_grifone_a-1-300x192.jpg 300w, https:\/\/docbarcelona.com\/wp-content\/uploads\/2017\/01\/cataleg_1_grifone_a-1-768x492.jpg 768w, https:\/\/docbarcelona.com\/wp-content\/uploads\/2017\/01\/cataleg_1_grifone_a-1-1024x656.jpg 1024w\" sizes=\"(max-width: 2000px) 100vw, 2000px\" \/><\/figure>\n\n\n\n<p class=\"paragraf\">A partir de las publicaciones en papel, ya sean libros, revistas, cat\u00e1logos, etc &#8230; ofrecemos una serie de servicios de <strong>dise\u00f1o editorial<\/strong> en formato digital e interactivo:<\/p>\n\n\n\n<ul><li><strong style=\"font-size: inherit;\">Epub de maquetaci\u00f3n&nbsp;l\u00edquida <\/strong><ul><li>Tablets, eBooks, tel\u00e9fonos inteligentes, &#8230;) <\/li><\/ul><\/li><li><strong style=\"font-size: inherit;\">Epub de maquetaci\u00f3n fija <\/strong><ul><li>Tablets<\/li><\/ul><\/li><li><strong style=\"font-size: inherit;\">PDF Interactivo<\/strong><ul><li>Pueden soportar v\u00eddeo y animaciones<\/li><\/ul><\/li><\/ul>\n\n\n\n<p class=\"paragraf\"><strong>Revistas digital<\/strong> para tablets y ordenadores. A partir de InDesign hacemos revistas interactivas para Tablets y Smartphones con el script <a href=\"https:\/\/twixlmedia.com\/en\" target=\"_blank\" rel=\"noopener noreferrer\">TWIXL<\/a>.<\/p>\n\n\n\n<p class=\"paragraf\">Llevamos a cabo encargos ambiciosos de<strong> dise\u00f1o gr\u00e1fico<\/strong> como la elaboraci\u00f3n de cat\u00e1logos de producto con muchas referencias. Para&nbsp;gesti\u00f3n de productos dentro de un cat\u00e1logo de producto utilizamos herramientas de indesign como <a href=\"https:\/\/www.65bit.com\/software\/easycatalog\/\" target=\"_blank\" rel=\"noopener noreferrer\">EASY CATALOG<\/a> con Adobe InDesign.<\/p>\n\n\n\n<figure class=\"wp-block-image\"><img decoding=\"async\" loading=\"lazy\" width=\"2000\" height=\"1333\" src=\"http:\/\/docbarcelona.com\/wp-content\/uploads\/2016\/12\/gresbreda_3_doc_a.jpg\" alt=\"\" class=\"wp-image-478\" srcset=\"https:\/\/docbarcelona.com\/wp-content\/uploads\/2016\/12\/gresbreda_3_doc_a.jpg 2000w, https:\/\/docbarcelona.com\/wp-content\/uploads\/2016\/12\/gresbreda_3_doc_a-300x200.jpg 300w, https:\/\/docbarcelona.com\/wp-content\/uploads\/2016\/12\/gresbreda_3_doc_a-768x512.jpg 768w, https:\/\/docbarcelona.com\/wp-content\/uploads\/2016\/12\/gresbreda_3_doc_a-1024x682.jpg 1024w\" sizes=\"(max-width: 2000px) 100vw, 2000px\" \/><\/figure>\n\n\n\n<p class=\"paragraf destacat\">Disponemos de relaciones proactivas con<strong> imprentas offset y digital<\/strong> que benefician a nuestros clientes con el precio, la calidad y los tiempos de entrega.<\/p>\n\n\n\n<p class=\"paragraf\">Si necesitas m\u00e1s informaci\u00f3n <a href=\"http:\/\/docbarcelona.com\/contacte\">contacta con&nbsp;DOC!<\/a><\/p>\n","protected":false},"excerpt":{"rendered":"<p>Hacemos dise\u00f1o gr\u00e1fico y dise\u00f1o de cat\u00e1logos y revistas. Dise\u00f1o editorial, dise\u00f1o de cat\u00e1logos y revistas o maquetaci\u00f3n editorial son algunos de los servicios de [&hellip;]<\/p>\n","protected":false},"author":3,"featured_media":4860,"parent":0,"menu_order":0,"comment_status":"closed","ping_status":"closed","template":"template-blog.php","meta":{"inline_featured_image":false},"tags":[124],"_links":{"self":[{"href":"https:\/\/docbarcelona.com\/es\/wp-json\/wp\/v2\/pages\/4065"}],"collection":[{"href":"https:\/\/docbarcelona.com\/es\/wp-json\/wp\/v2\/pages"}],"about":[{"href":"https:\/\/docbarcelona.com\/es\/wp-json\/wp\/v2\/types\/page"}],"author":[{"embeddable":true,"href":"https:\/\/docbarcelona.com\/es\/wp-json\/wp\/v2\/users\/3"}],"replies":[{"embeddable":true,"href":"https:\/\/docbarcelona.com\/es\/wp-json\/wp\/v2\/comments?post=4065"}],"version-history":[{"count":5,"href":"https:\/\/docbarcelona.com\/es\/wp-json\/wp\/v2\/pages\/4065\/revisions"}],"predecessor-version":[{"id":4211,"href":"https:\/\/docbarcelona.com\/es\/wp-json\/wp\/v2\/pages\/4065\/revisions\/4211"}],"wp:featuredmedia":[{"embeddable":true,"href":"https:\/\/docbarcelona.com\/es\/wp-json\/wp\/v2\/media\/4860"}],"wp:attachment":[{"href":"https:\/\/docbarcelona.com\/es\/wp-json\/wp\/v2\/media?parent=4065"}],"wp:term":[{"taxonomy":"post_tag","embeddable":true,"href":"https:\/\/docbarcelona.com\/es\/wp-json\/wp\/v2\/tags?post=4065"}],"curies":[{"name":"wp","href":"https:\/\/api.w.org\/{rel}","templated":true}]}}