{"id":4147,"date":"2019-07-02T07:10:47","date_gmt":"2019-07-02T07:10:47","guid":{"rendered":"https:\/\/docbarcelona.com\/?page_id=4147"},"modified":"2019-11-19T17:31:52","modified_gmt":"2019-11-19T17:31:52","slug":"video-corporativo-una-herramienta-poderosa-para-potenciar-su-negocio-y-su-marca","status":"publish","type":"page","link":"https:\/\/docbarcelona.com\/es\/video-corporativo-una-herramienta-poderosa-para-potenciar-su-negocio-y-su-marca\/","title":{"rendered":"V\u00eddeo corporativo: una herramienta poderosa para potenciar tu negocio y tu marca"},"content":{"rendered":"\n<p>\u00bfSab\u00edas que con un <strong>v\u00eddeo corporativo<\/strong> puedes incrementar los ingresos de tu empresa m\u00e1s r\u00e1pido a\u00f1o tras a\u00f1o? S\u00ed, actualmente, la <strong>producci\u00f3n de v\u00eddeos corporativos<\/strong> juega un papel crucial en el \u00e9xito de tu negocio, porque son ideales para<strong> mostrar la identidad de tu empresa<\/strong>, <strong>promover su cultura, historia y valores \u00fanicos<\/strong> a tus clientes potenciales, <strong>comunicarse con la clientela<\/strong>, <strong>capacitar empleados<\/strong> o <strong>anunciar nuevos productos.<\/strong>&nbsp;<\/p>\n\n\n\n<p>Sin embargo, debes asegurarte que los v\u00eddeos sean de la m\u00e1s alta calidad. <\/p>\n\n\n\n<figure class=\"wp-block-video\"><video controls poster=\"https:\/\/docbarcelona.com\/wp-content\/uploads\/2019\/07\/bepostural_antigravity.jpg\" src=\"https:\/\/player.vimeo.com\/external\/274058125.hd.mp4?s=691bf4f8bdc059b4cb3729f558632b19c6a34f66&amp;profile_id=175\"><\/video><\/figure>\n\n\n\n<div id=\"ez-toc-container\" class=\"ez-toc-v2_0_39 counter-flat ez-toc-counter ez-toc-grey ez-toc-container-direction\">\n<div class=\"ez-toc-title-container\">\n<p class=\"ez-toc-title\">&iquest;Qu&eacute; encontrar&aacute;s en esta p&aacute;gina?<\/p>\n<span class=\"ez-toc-title-toggle\"><\/span><\/div>\n<nav><ul class='ez-toc-list ez-toc-list-level-1 ' ><li class='ez-toc-page-1'><a class=\"ez-toc-link ez-toc-heading-1\" href=\"https:\/\/docbarcelona.com\/es\/video-corporativo-una-herramienta-poderosa-para-potenciar-su-negocio-y-su-marca\/#Video_corporativo_%C2%BFque_es\" title=\"V\u00eddeo corporativo: \u00bfqu\u00e9 es?\">V\u00eddeo corporativo: \u00bfqu\u00e9 es?<\/a><\/li><li class='ez-toc-page-1'><a class=\"ez-toc-link ez-toc-heading-2\" href=\"https:\/\/docbarcelona.com\/es\/video-corporativo-una-herramienta-poderosa-para-potenciar-su-negocio-y-su-marca\/#Produccion_de_un_video_corporativo\" title=\"Producci\u00f3n de un v\u00eddeo corporativo\">Producci\u00f3n de un v\u00eddeo corporativo<\/a><\/li><li class='ez-toc-page-1'><a class=\"ez-toc-link ez-toc-heading-3\" href=\"https:\/\/docbarcelona.com\/es\/video-corporativo-una-herramienta-poderosa-para-potenciar-su-negocio-y-su-marca\/#Proceso_de_produccion_de_un_video_corporativo\" title=\"Proceso de producci\u00f3n de un v\u00eddeo corporativo\">Proceso de producci\u00f3n de un v\u00eddeo corporativo<\/a><\/li><li class='ez-toc-page-1'><a class=\"ez-toc-link ez-toc-heading-4\" href=\"https:\/\/docbarcelona.com\/es\/video-corporativo-una-herramienta-poderosa-para-potenciar-su-negocio-y-su-marca\/#Beneficios_de_los_videos_corporativos\" title=\"Beneficios de los v\u00eddeos corporativos\">Beneficios de los v\u00eddeos corporativos<\/a><\/li><\/ul><\/nav><\/div>\n<h2><span class=\"ez-toc-section\" id=\"Video_corporativo_%C2%BFque_es\"><\/span><strong>V\u00eddeo corporativo: \u00bfqu\u00e9 es?<\/strong><span class=\"ez-toc-section-end\"><\/span><\/h2>\n\n\n\n<p>Un <strong>v\u00eddeo corporativo<\/strong> es\nuna herramienta esencial de <strong>marketing<\/strong>\ny <strong>comunicaciones<\/strong> para cualquier\nnegocio, empresa y organizaci\u00f3n.&nbsp; El <strong>marketing<\/strong> ya no es solo vender\nproductos. De hecho, los expertos coinciden en que en un futuro no muy lejano\nel 80% de todo el tr\u00e1fico de <strong>Internet<\/strong>\nse atribuir\u00e1 al v\u00eddeo. Estamos preparados para ayudar a las peque\u00f1as y medianas\nempresas a ganar <strong>visibilidad en redes y\nen internet<\/strong>, nuestros servicios como <strong>productora audiovisual<\/strong>\nte permitir\u00e1 conectarte con tus clientes. <\/p>\n\n\n\n<h2><span class=\"ez-toc-section\" id=\"Produccion_de_un_video_corporativo\"><\/span>Producci\u00f3n de un v\u00eddeo corporativo<span class=\"ez-toc-section-end\"><\/span><\/h2>\n\n\n\n<p>Las <strong>agencias\nde producci\u00f3n<\/strong> de<strong> v\u00eddeo empresa<\/strong> crean\ncontenido que puede ser de gran valor para tu negocio. Nuestro equipo\nprofesional le brinda una <strong>estrategia\nintegral<\/strong> sobre el <strong>v\u00eddeo institucional<\/strong>\nde tu organizaci\u00f3n. Comenzaremos a trabajar en tu proyecto proporcionado una <strong>direcci\u00f3n de arte<\/strong> y&nbsp; una <strong>direcci\u00f3n\nde proyectos audiovisuales y fotogr\u00e1ficos<\/strong> creativos y coherentes con tu\nmarca. <\/p>\n\n\n\n<figure class=\"wp-block-video\"><video controls poster=\"https:\/\/docbarcelona.com\/wp-content\/uploads\/2019\/07\/matarouudiovisual_screen.jpg\" src=\"https:\/\/player.vimeo.com\/external\/239348542.hd.mp4?s=22d8a5937d159f28f95aa7ea750354505c918104&amp;profile_id=175\"><\/video><\/figure>\n\n\n\n<p>Nuestro trabajo nunca comienza pulsando el\nbot\u00f3n de grabaci\u00f3n, sino m\u00e1s bien <strong>desarrollamos\nla idea<\/strong>, <strong>el argumento<\/strong>, <strong>la adaptaci\u00f3n del contenido<\/strong> y <strong>la escaleta<\/strong> o <strong>gui\u00f3n de producci\u00f3n final<\/strong>, lo que realmente nos diferencia de otros\nservicios. Llevamos a cabo <strong>v\u00eddeos\npublicitarios<\/strong>, <strong>v\u00eddeos\ncorporativos animados<\/strong>, <strong>de\ncat\u00e1logo y producto<\/strong>, <strong>testimoniales<\/strong>,\n<strong>demostrativos, tutoriales<\/strong>, <strong>de eventos<\/strong>, <strong>de storytelling<\/strong> y <strong>de blog<\/strong>.\n<\/p>\n\n\n\n<h2><span class=\"ez-toc-section\" id=\"Proceso_de_produccion_de_un_video_corporativo\"><\/span>Proceso de producci\u00f3n de un v\u00eddeo corporativo<span class=\"ez-toc-section-end\"><\/span><\/h2>\n\n\n\n<p>Entendemos que los presupuestos se aprietan,\npero trabajamos para aprovechar al m\u00e1ximo los presupuestos m\u00e1s peque\u00f1os sin\nsacrificar la calidad del <strong>v\u00eddeo institucional<\/strong>.&nbsp; Nuestro <strong>proceso\nde producci\u00f3n<\/strong> es m\u00e1s profundo que simplemente coger una c\u00e1mara y <strong>filmar una secuencia<\/strong>, garantizamos que\nel producto final se asemeje a la visi\u00f3n que tu empresa necesita y quiere\ncomunicar, porque trabajamos con tu organizaci\u00f3n para <strong>desarrollar la historia<\/strong> que deseas contar a trav\u00e9s del<strong> v\u00eddeo corporativo<\/strong>. <\/p>\n\n\n\n<h2><span class=\"ez-toc-section\" id=\"Beneficios_de_los_videos_corporativos\"><\/span>Beneficios de los v\u00eddeos corporativos<span class=\"ez-toc-section-end\"><\/span><\/h2>\n\n\n\n<p>Muchas empresas han llevado su marca a un\nnivel superior con la ayuda de <strong>nuestros\nservicios de producci\u00f3n de v\u00eddeo\ncorporativo,<\/strong> teniendo en cuenta los intereses de su p\u00fablico\nobjetivo. Un <strong>v\u00eddeo corporativo<\/strong> puede <strong>proporcionar\nuna nueva perspectiva de tu empresa<\/strong>, generar m\u00e1s <strong>inter\u00e9s<\/strong>, parecer\nm\u00e1s <strong>accesible<\/strong> y, quiz\u00e1s, <strong>atraer a m\u00e1s clientes para aumentar los\ningresos<\/strong>. <\/p>\n\n\n\n<div style=\"height:20px\" aria-hidden=\"true\" class=\"wp-block-spacer\"><\/div>\n\n\n\n<p>Si necesitas m\u00e1s informaci\u00f3n no dudes en <a href=\"https:\/\/docbarcelona.com\/contacte\/\">contactar con nosotros<\/a>!<\/p>\n","protected":false},"excerpt":{"rendered":"<p>\u00bfSab\u00edas que con un v\u00eddeo corporativo puedes incrementar los ingresos de tu empresa m\u00e1s r\u00e1pido a\u00f1o tras a\u00f1o? S\u00ed, actualmente, la producci\u00f3n de v\u00eddeos corporativos [&hellip;]<\/p>\n","protected":false},"author":3,"featured_media":4246,"parent":0,"menu_order":0,"comment_status":"closed","ping_status":"closed","template":"template-blog.php","meta":{"inline_featured_image":false},"tags":[139],"_links":{"self":[{"href":"https:\/\/docbarcelona.com\/es\/wp-json\/wp\/v2\/pages\/4147"}],"collection":[{"href":"https:\/\/docbarcelona.com\/es\/wp-json\/wp\/v2\/pages"}],"about":[{"href":"https:\/\/docbarcelona.com\/es\/wp-json\/wp\/v2\/types\/page"}],"author":[{"embeddable":true,"href":"https:\/\/docbarcelona.com\/es\/wp-json\/wp\/v2\/users\/3"}],"replies":[{"embeddable":true,"href":"https:\/\/docbarcelona.com\/es\/wp-json\/wp\/v2\/comments?post=4147"}],"version-history":[{"count":9,"href":"https:\/\/docbarcelona.com\/es\/wp-json\/wp\/v2\/pages\/4147\/revisions"}],"predecessor-version":[{"id":4178,"href":"https:\/\/docbarcelona.com\/es\/wp-json\/wp\/v2\/pages\/4147\/revisions\/4178"}],"wp:featuredmedia":[{"embeddable":true,"href":"https:\/\/docbarcelona.com\/es\/wp-json\/wp\/v2\/media\/4246"}],"wp:attachment":[{"href":"https:\/\/docbarcelona.com\/es\/wp-json\/wp\/v2\/media?parent=4147"}],"wp:term":[{"taxonomy":"post_tag","embeddable":true,"href":"https:\/\/docbarcelona.com\/es\/wp-json\/wp\/v2\/tags?post=4147"}],"curies":[{"name":"wp","href":"https:\/\/api.w.org\/{rel}","templated":true}]}}