{"id":852,"date":"2017-01-25T12:49:56","date_gmt":"2017-01-25T12:49:56","guid":{"rendered":"http:\/\/docbarcelona.com\/ca-es\/"},"modified":"2019-12-17T15:24:39","modified_gmt":"2019-12-17T15:24:39","slug":"diseno-de-marca","status":"publish","type":"page","link":"https:\/\/docbarcelona.com\/es\/diseno-de-marca\/","title":{"rendered":"Lo que deber\u00edas saber sobre el dise\u00f1o de marca"},"content":{"rendered":"\n<p>En este articulo encontrar\u00e1s una explicaci\u00f3n detallada sobre el <strong>dise\u00f1o de marca<\/strong> y de sus procesos de trabajo. Comprender\u00e1s lo importante que es dejar en manos de <strong>profesionales del dise\u00f1o<\/strong> la creaci\u00f3n de tu identidad corporativa.<\/p>\n\n\n\n<div id=\"ez-toc-container\" class=\"ez-toc-v2_0_39 counter-flat ez-toc-counter ez-toc-grey ez-toc-container-direction\">\n<div class=\"ez-toc-title-container\">\n<p class=\"ez-toc-title\">&iquest;Qu&eacute; encontrar&aacute;s en esta p&aacute;gina?<\/p>\n<span class=\"ez-toc-title-toggle\"><\/span><\/div>\n<nav><ul class='ez-toc-list ez-toc-list-level-1 ' ><li class='ez-toc-page-1'><a class=\"ez-toc-link ez-toc-heading-1\" href=\"https:\/\/docbarcelona.com\/es\/diseno-de-marca\/#%C2%BFQue_es_un_diseno_de_marca\" title=\"\u00bfQu\u00e9 es un dise\u00f1o de marca?\">\u00bfQu\u00e9 es un dise\u00f1o de marca?<\/a><\/li><li class='ez-toc-page-1'><a class=\"ez-toc-link ez-toc-heading-2\" href=\"https:\/\/docbarcelona.com\/es\/diseno-de-marca\/#Conocer_en_profundidad_a_la_empresa\" title=\"Conocer en profundidad a la empresa\">Conocer en profundidad a la empresa<\/a><\/li><li class='ez-toc-page-1'><a class=\"ez-toc-link ez-toc-heading-3\" href=\"https:\/\/docbarcelona.com\/es\/diseno-de-marca\/#El_proceso_creativo\" title=\"El proceso creativo\">El proceso creativo<\/a><\/li><li class='ez-toc-page-1'><a class=\"ez-toc-link ez-toc-heading-4\" href=\"https:\/\/docbarcelona.com\/es\/diseno-de-marca\/#Fundamentos_de_un_buen_logotipo\" title=\"Fundamentos de un buen logotipo\">Fundamentos de un buen logotipo<\/a><\/li><li class='ez-toc-page-1'><a class=\"ez-toc-link ez-toc-heading-5\" href=\"https:\/\/docbarcelona.com\/es\/diseno-de-marca\/#La_propuesta_de_logotipo\" title=\"La propuesta de logotipo\">La propuesta de logotipo<\/a><\/li><li class='ez-toc-page-1'><a class=\"ez-toc-link ez-toc-heading-6\" href=\"https:\/\/docbarcelona.com\/es\/diseno-de-marca\/#Look_feel_de_la_marca\" title=\"Look &amp; feel de la marca\">Look &amp; feel de la marca<\/a><\/li><\/ul><\/nav><\/div>\n<h2 class=\"subtitol\"><span class=\"ez-toc-section\" id=\"%C2%BFQue_es_un_diseno_de_marca\"><\/span>\u00bfQu\u00e9 es un dise\u00f1o de marca?<span class=\"ez-toc-section-end\"><\/span><\/h2>\n\n\n\n<p>El dise\u00f1o de marca para empresas es una <strong>disciplina creativa<\/strong> relacionada con la imagen de tu marca. Se centra en crear o potenciar la imagen de <strong>empresas existentes<\/strong> que necesitan una renovaci\u00f3n <strong>o para marcas de nueva creaci\u00f3n<\/strong>.<\/p>\n\n\n\n<p>Para que sepas <strong>que es una marca <\/strong>te enlazo a Wikipedia d\u00f3nde encontrar\u00e1s una <a rel=\"noreferrer noopener\" aria-label=\"definici\u00f3n detallada (abre en una nueva pesta\u00f1a)\" href=\"https:\/\/es.wikipedia.org\/wiki\/Marca\" target=\"_blank\">definici\u00f3n detallada<\/a>.<\/p>\n\n\n\n<p>El dise\u00f1o de marca va enlazado al <strong>branding<\/strong>. Pero &#8230; <a href=\"https:\/\/www.branderstand.com\/branding-que-es-branding\/\" target=\"_blank\" rel=\"noreferrer noopener\" aria-label=\"\u00bfqu\u00e9 es el branding? (abre en una nueva pesta\u00f1a)\">\u00bfqu\u00e9 es el branding?<\/a><\/p>\n\n\n\n<p class=\"paragraf\">Para que un logotipo resulte exitoso, debe responder al principio fundamental del dise\u00f1o donde <strong>\u00abmenos es m\u00e1s\u00bb<\/strong>.<\/p>\n\n\n\n<div style=\"height:20px\" aria-hidden=\"true\" class=\"wp-block-spacer\"><\/div>\n\n\n\n<figure class=\"wp-block-image\"><img decoding=\"async\" loading=\"lazy\" width=\"1200\" height=\"885\" src=\"https:\/\/docbarcelona.com\/wp-content\/uploads\/2019\/05\/plantikum_disseny.jpg\" alt=\"dise\u00f1o de marca\" class=\"wp-image-3614\" srcset=\"https:\/\/docbarcelona.com\/wp-content\/uploads\/2019\/05\/plantikum_disseny.jpg 1200w, https:\/\/docbarcelona.com\/wp-content\/uploads\/2019\/05\/plantikum_disseny-300x221.jpg 300w, https:\/\/docbarcelona.com\/wp-content\/uploads\/2019\/05\/plantikum_disseny-768x566.jpg 768w, https:\/\/docbarcelona.com\/wp-content\/uploads\/2019\/05\/plantikum_disseny-1024x755.jpg 1024w\" sizes=\"(max-width: 1200px) 100vw, 1200px\" \/><\/figure>\n\n\n\n<h2 class=\"paragraf subtitol\"><span class=\"ez-toc-section\" id=\"Conocer_en_profundidad_a_la_empresa\"><\/span>Conocer en profundidad a la empresa<span class=\"ez-toc-section-end\"><\/span><\/h2>\n\n\n\n<p class=\"paragraf\">Conocer a la empresa es de b\u00e1sico para poder dise\u00f1ar una<strong> imagen corporativa eficaz<\/strong>. Si la empresa no dispone de un <strong>Plan de empresa<\/strong> o Plan de marketing es necesario que el dise\u00f1ador\/a lleve a cabo un proceso de <strong>contextualizaci\u00f3n y an\u00e1lisi<\/strong> profundo de la empresa. <\/p>\n\n\n\n<p>Para ello un buen consejo es facilitar <strong>cuestionarios<\/strong>. Ayudan a la empresa a definir con claridad y sin presiones que los caracteriza. Estos cuestionarios sirven para conocer la empresa superficialmente. M\u00e1s adelante el dise\u00f1ador\/a deber\u00e1 indagar m\u00e1s en los <strong>aspectos diferenciales<\/strong> de la marca. <\/p>\n\n\n\n<p>M\u00e1s all\u00e1 de la contextualizaci\u00f3n de la empresa planteamos el siguinete aspecto a tener en cuenta: <a rel=\"noreferrer noopener\" aria-label=\"\u00bfLas empresas deber\u00edan hacer una estrategia de marca? (abre en una nueva pesta\u00f1a)\" href=\"https:\/\/docbarcelona.com\/es\/deberia-tener-una-estrategia-de-marca\/\" target=\"_blank\">\u00bfLas empresas deber\u00edan hacer una estrategia de marca?<\/a><\/p>\n\n\n\n<p class=\"paragraf\">Las tareas que se llevan a cabo para la <strong>creaci\u00f3n de un logotipo<\/strong> se basan en procesos de trabajo que responden a <strong>requisitos formales<\/strong>. Nunca debemos encarar el dise\u00f1o de una marca por <strong>factores simplemente est\u00e9ticos<\/strong>.<\/p>\n\n\n\n<h2 class=\"subtitol\"><span class=\"ez-toc-section\" id=\"El_proceso_creativo\"><\/span>El proceso creativo<span class=\"ez-toc-section-end\"><\/span><\/h2>\n\n\n\n<p>Despu\u00e9s de conocer la empresa en profundidad se inicia el <strong>proceso creativo<\/strong> en el que analizamos los <strong>caminos estil\u00edsticas y pl\u00e1sticas<\/strong> que podr\u00edan encajar. Esta elecci\u00f3n se basa en el proceso anterior. En los valores y objetivos de marca establecidos y finaliza con la elecci\u00f3n de los criterios visuales que encontraremos en la <strong>propuesta de logotipo<\/strong>. Siguiente proceso de la creaci\u00f3n de una <strong>identidad corporativa<\/strong>.<\/p>\n\n\n\n<p><a href=\"https:\/\/www.youtube.com\/watch?v=o7JhlmaVGgQ\" target=\"_blank\" rel=\"noreferrer noopener\" aria-label=\"En este v\u00eddeo (abre en una nueva pesta\u00f1a)\">En este v\u00eddeo<\/a> podr\u00e1s ver las t\u00e9cnicas de construcci\u00f3n para crear logotipos, isotipos, iconos o s\u00edmbolos que utilizamos los dise\u00f1adores\/as g\u00e1ficos.<\/p>\n\n\n\n<h2><span class=\"ez-toc-section\" id=\"Fundamentos_de_un_buen_logotipo\"><\/span>Fundamentos de un buen logotipo<span class=\"ez-toc-section-end\"><\/span><\/h2>\n\n\n\n<p>Detallamos algunas de las condiciones que un buen <strong>dise\u00f1o de logotipo deber\u00eda cumplir<\/strong>:<\/p>\n\n\n\n<ul><li><strong>Legibilidad<\/strong> <ul><li>Incluso el tama\u00f1o m\u00e1s peque\u00f1o <\/li><\/ul><\/li><li><strong>Escalabilidad <\/strong><ul><li>A cualquier tama\u00f1o requerido <\/li><\/ul><\/li><li><strong>Reproducci\u00f3n<\/strong><ul><li>Sin restricciones materiales <\/li><\/ul><\/li><li><strong>Distinci\u00f3n <\/strong><ul><li>Tanto en positivo como en negativo <\/li><\/ul><\/li><li><strong>Memorable <\/strong><ul><li>Que impacte y no se olvide <\/li><\/ul><\/li><\/ul>\n\n\n\n<h2><span class=\"ez-toc-section\" id=\"La_propuesta_de_logotipo\"><\/span>La propuesta de logotipo<span class=\"ez-toc-section-end\"><\/span><\/h2>\n\n\n\n<p>En la propuesta formal de <strong>dise\u00f1o de marca <\/strong>se presentan los siguientes aspectos que tiene una relaci\u00f3n dirtecta con la <strong>nueva marca<\/strong>:<\/p>\n\n\n\n<ul><li><strong>Colores<\/strong><ul><li>Uno de los factores que nos ayudan a identificar una marca con mayor rapidez es el color.  \u00c9s imprescindible un<strong> estudio crom\u00e1tico<\/strong>  exhaustivo para que tu marca se identifique y se diferencie de sus competidores.<\/li><\/ul><\/li><li><strong>Tipograf\u00eda<\/strong><ul><li>El dise\u00f1o de marca esta compuesto por varios elementos que componen su identidad. La tipograf\u00eda es un factor b\u00e1sico.<\/li><\/ul><\/li><li><strong>El Logotipo<\/strong><ul><li>El logotipo es el s\u00edmbolo que representa una marca.<\/li><\/ul><\/li><\/ul>\n\n\n\n<h2><span class=\"ez-toc-section\" id=\"Look_feel_de_la_marca\"><\/span><em>Look &amp; feel <\/em>de la marca<span class=\"ez-toc-section-end\"><\/span><\/h2>\n\n\n\n<p>Un dise\u00f1o de marca no es \u00fanicamente el logotipo de la empresa. Es una <strong>combinaci\u00f3n de elementos<\/strong> c\u00f3mo la tipograf\u00eda, el color, el estilo de fotograf\u00eda, la composici\u00f3n, &#8230; Es por ello que es imprescindible ver como se aplica la identidad de la marca en distintos formatos como pueden ser:<\/p>\n\n\n\n<ul><li><strong>Tarjetas de visita<\/strong><\/li><li><strong>Carpetas<\/strong><\/li><li><strong>Hojas de carta<\/strong><\/li><li><strong>Sobres<\/strong><\/li><li><strong>Rotulaci\u00f3n de los veh\u00edculos<\/strong><\/li><li><strong>Se\u00f1alizaci\u00f3n de tus oficinas<\/strong><\/li><li><strong>Digital<\/strong><\/li><li>&#8230;<\/li><\/ul>\n\n\n\n<figure class=\"wp-block-image\"><img decoding=\"async\" loading=\"lazy\" width=\"2500\" height=\"1262\" src=\"https:\/\/docbarcelona.com\/wp-content\/uploads\/2016\/11\/Responsive-Mockup-01_moskis.jpg\" alt=\"dise\u00f1o de marca en una web\" class=\"wp-image-3184\" srcset=\"https:\/\/docbarcelona.com\/wp-content\/uploads\/2016\/11\/Responsive-Mockup-01_moskis.jpg 2500w, https:\/\/docbarcelona.com\/wp-content\/uploads\/2016\/11\/Responsive-Mockup-01_moskis-300x151.jpg 300w, https:\/\/docbarcelona.com\/wp-content\/uploads\/2016\/11\/Responsive-Mockup-01_moskis-768x388.jpg 768w, https:\/\/docbarcelona.com\/wp-content\/uploads\/2016\/11\/Responsive-Mockup-01_moskis-1024x517.jpg 1024w\" sizes=\"(max-width: 2500px) 100vw, 2500px\" \/><\/figure>\n\n\n\n<p>Para que tengas m\u00e1s informaci\u00f3n sobre el dise\u00f1o de marca y como <strong>g<\/strong>enera <strong>oportunidades estrat\u00e9gicas<\/strong> para las empresas enlazamos al blog de SUMMA (agencia referente de branding en Espa\u00f1a) en el <a rel=\"noreferrer noopener\" aria-label=\"post que habla sobre la nueva imagen corporativa de Correos (abre en una nueva pesta\u00f1a)\" href=\"https:\/\/summa.es\/blog\/correos-branding-empresas-importancia\/\" target=\"_blank\">post que habla sobre la nueva imagen corporativa de Correos<\/a>.<\/p>\n\n\n\n<div style=\"height:25px\" aria-hidden=\"true\" class=\"wp-block-spacer\"><\/div>\n\n\n\n<p class=\"paragraf\">Si quieres crear un logotipo para tu marca o quieres renovar el logotipo de tu empresa <a href=\"http:\/\/docbarcelona.com\/contacto\">contacta con nosotros<\/a> y te ayudaremos a tener una imagen corporativa competitiva.<\/p>\n","protected":false},"excerpt":{"rendered":"<p>En este articulo encontrar\u00e1s una explicaci\u00f3n detallada sobre el dise\u00f1o de marca y de sus procesos de trabajo. Comprender\u00e1s lo importante que es dejar en [&hellip;]<\/p>\n","protected":false},"author":3,"featured_media":4697,"parent":0,"menu_order":0,"comment_status":"closed","ping_status":"closed","template":"template-blog.php","meta":{"inline_featured_image":false},"tags":[141],"_links":{"self":[{"href":"https:\/\/docbarcelona.com\/es\/wp-json\/wp\/v2\/pages\/852"}],"collection":[{"href":"https:\/\/docbarcelona.com\/es\/wp-json\/wp\/v2\/pages"}],"about":[{"href":"https:\/\/docbarcelona.com\/es\/wp-json\/wp\/v2\/types\/page"}],"author":[{"embeddable":true,"href":"https:\/\/docbarcelona.com\/es\/wp-json\/wp\/v2\/users\/3"}],"replies":[{"embeddable":true,"href":"https:\/\/docbarcelona.com\/es\/wp-json\/wp\/v2\/comments?post=852"}],"version-history":[{"count":33,"href":"https:\/\/docbarcelona.com\/es\/wp-json\/wp\/v2\/pages\/852\/revisions"}],"predecessor-version":[{"id":4538,"href":"https:\/\/docbarcelona.com\/es\/wp-json\/wp\/v2\/pages\/852\/revisions\/4538"}],"wp:featuredmedia":[{"embeddable":true,"href":"https:\/\/docbarcelona.com\/es\/wp-json\/wp\/v2\/media\/4697"}],"wp:attachment":[{"href":"https:\/\/docbarcelona.com\/es\/wp-json\/wp\/v2\/media?parent=852"}],"wp:term":[{"taxonomy":"post_tag","embeddable":true,"href":"https:\/\/docbarcelona.com\/es\/wp-json\/wp\/v2\/tags?post=852"}],"curies":[{"name":"wp","href":"https:\/\/api.w.org\/{rel}","templated":true}]}}