{"id":854,"date":"2017-01-25T12:52:58","date_gmt":"2017-01-25T12:52:58","guid":{"rendered":"http:\/\/docbarcelona.com\/diseno-de-packaging\/"},"modified":"2020-09-25T07:10:00","modified_gmt":"2020-09-25T07:10:00","slug":"packaging-personalizado","status":"publish","type":"page","link":"https:\/\/docbarcelona.com\/es\/packaging-personalizado\/","title":{"rendered":"Dise\u00f1o de Packaging personalizado"},"content":{"rendered":"\n<p>El packaging personalizado o embalaje de productos es el <strong>proceso de dise\u00f1o, evaluaci\u00f3n y producci\u00f3n<\/strong> que se centra en contener, proteger, informar y motivar a los posibles clientes a comprar un producto.<\/p>\n\n\n\n<p>El packaging es un proceso creativo que se fundamenta con la sostenibilidad, con requisitos t\u00e9cnicos y el buen dise\u00f1o. Todo ello para convertirse en un <strong>embalaje \u00fanico y eficaz<\/strong>.<\/p>\n\n\n\n<h2>Un buen packaging personalizado debe transmitir emociones que refuerzan los v\u00ednculos con tu cliente. Debe marcar la diferencia y cumplir su funci\u00f3n pr\u00e1ctica.<\/h2>\n\n\n\n<p>El <strong>dise\u00f1o de embalaje<\/strong> de un producto deber\u00eda coincidir con el posicionamiento de marca y tiene que llegar y emocionar a nuestros clientes potenciales. Es por eso que debemos <strong>conocer su sensibilidad y sus gustos<\/strong>.<\/p>\n\n\n\n<figure class=\"wp-block-image\"><img decoding=\"async\" loading=\"lazy\" width=\"1800\" height=\"1231\" src=\"https:\/\/docbarcelona.com\/wp-content\/uploads\/2019\/02\/cuchara_big.jpg\" alt=\"packaging personalizado\" class=\"wp-image-3494\" srcset=\"https:\/\/docbarcelona.com\/wp-content\/uploads\/2019\/02\/cuchara_big.jpg 1800w, https:\/\/docbarcelona.com\/wp-content\/uploads\/2019\/02\/cuchara_big-300x205.jpg 300w, https:\/\/docbarcelona.com\/wp-content\/uploads\/2019\/02\/cuchara_big-768x525.jpg 768w, https:\/\/docbarcelona.com\/wp-content\/uploads\/2019\/02\/cuchara_big-1024x700.jpg 1024w\" sizes=\"(max-width: 1800px) 100vw, 1800px\" \/><\/figure>\n\n\n\n<h2>El dise\u00f1o de embalaje es un elemento clave de branding y debe corresponder con la estrategia de marca y con sus valores.<\/h2>\n\n\n\n<p>No es lo mismo dise\u00f1ar un packaging para un producto de consumo, como puede ser una botella de agua, que dise\u00f1ar un embalaje para un producto cosm\u00e9tico o sanitario. <strong>Los valores a transmitir son diferentes.<\/strong><\/p>\n\n\n\n<h2>El packaging es la herramienta que tiene el cliente potencial para hacerse una idea del producto. Muchas veces es el primer contacto con la marca.<\/h2>\n\n\n\n<p>El segmento del producto no es el \u00fanico factor a tener en cuenta. Reflejar que el producto es m\u00e1s barato que la competencia, que es ecol\u00f3gico o que es un producto de origen, son algunos de los <strong>beneficios a los que puede dar respuesta<\/strong> a un buen dise\u00f1o de packaging.<\/p>\n\n\n\n<p>El <strong>dise\u00f1o formal<\/strong> trata de reforzar aspectos pr\u00e1cticos como:<\/p>\n\n\n\n<ul><li><strong>La composici\u00f3n del producto<\/strong><\/li><li><strong>El tama\u00f1o y la forma<\/strong><\/li><li><strong>El peso y la densidad<\/strong><\/li><li><strong>Su fragilidad y resistencia<\/strong><\/li><li><strong>La capacidad de compresi\u00f3n y vibraci\u00f3n<\/strong><\/li><li><strong>La luz y la humedad<\/strong><\/li><\/ul>\n\n\n\n<p>El dise\u00f1o formal debe aportar <strong>ideas pr\u00e1cticas y originales<\/strong> para solucionar cualquier aspecto que tenga relaci\u00f3n con el producto. Un packaging pr\u00e1ctico facilita la vida del consumidor, y en consecuencia, se convierte en una ventaja competitiva respecto a la competencia.<\/p>\n\n\n\n<p>Escoger los <strong>materiales adecuados<\/strong> y conseguir un <strong>precio unitario<\/strong> justo. Para garantizarlo, es necesario trabajar estrechamente con imprentas y fabricantes de embalaje y anticiparnos a posibles obst\u00e1culos en el <strong>proceso de producci\u00f3n<\/strong>. Trabajar conjuntamente con el fabricante garantiza que el dise\u00f1o se haga realidad. Conocer las opciones que podemos encontrar, y hacer pruebas o maquetas, nos ayuda a concebir mejorar el embalaje.<\/p>\n\n\n\n<h2>El dise\u00f1o de packaging debe centrarse en un dise\u00f1o formal pero tambi\u00e9n debe dar respuesta al dise\u00f1o funcional, que a la vez, puede conseguir transmitir los valores que queremos comunicar a nuestro consumidor.<\/h2>\n\n\n\n<p>Hay <strong>tres tipos de packaging<\/strong> que tienen una relaci\u00f3n directa con el producto:<\/p>\n\n\n\n<ul><li><strong>Packaging primario<\/strong><ul><li>Es el que tiene contacto directo con el producto.<\/li><\/ul><\/li><li><strong>Packaging secundario<\/strong><ul><li>Envuelve el embalaje primario.<\/li><\/ul><\/li><li><strong>Packaging terciario<\/strong><ul><li>Es el conjunto de cajas o embalajes que facilita la manipulaci\u00f3n y el transporte.<\/li><\/ul><\/li><\/ul>\n\n\n\n<p>Es muy importante tener en cuenta que <strong>la sostenibilidad<\/strong>, es un factor fundamental a la hora de concebir y dise\u00f1ar un embalaje. Este hecho, puede llegar a reducir los tres niveles de packaging a uno de solo, y tambi\u00e9n, reducir los costes.<\/p>\n\n\n\n<h2>Si quieres que dise\u00f1amos el packaging de tu producto:<\/h2>\n\n\n\n<p><a href=\"http:\/\/docbarcelona.com\/es\/contacto\/\">Contacta con nosotros<\/a><\/p>\n","protected":false},"excerpt":{"rendered":"<p>El packaging personalizado o embalaje de productos es el proceso de dise\u00f1o, evaluaci\u00f3n y producci\u00f3n que se centra en contener, proteger, informar y motivar a [&hellip;]<\/p>\n","protected":false},"author":3,"featured_media":4857,"parent":0,"menu_order":0,"comment_status":"closed","ping_status":"closed","template":"template-blog.php","meta":{"inline_featured_image":false},"tags":[124],"_links":{"self":[{"href":"https:\/\/docbarcelona.com\/es\/wp-json\/wp\/v2\/pages\/854"}],"collection":[{"href":"https:\/\/docbarcelona.com\/es\/wp-json\/wp\/v2\/pages"}],"about":[{"href":"https:\/\/docbarcelona.com\/es\/wp-json\/wp\/v2\/types\/page"}],"author":[{"embeddable":true,"href":"https:\/\/docbarcelona.com\/es\/wp-json\/wp\/v2\/users\/3"}],"replies":[{"embeddable":true,"href":"https:\/\/docbarcelona.com\/es\/wp-json\/wp\/v2\/comments?post=854"}],"version-history":[{"count":7,"href":"https:\/\/docbarcelona.com\/es\/wp-json\/wp\/v2\/pages\/854\/revisions"}],"predecessor-version":[{"id":4273,"href":"https:\/\/docbarcelona.com\/es\/wp-json\/wp\/v2\/pages\/854\/revisions\/4273"}],"wp:featuredmedia":[{"embeddable":true,"href":"https:\/\/docbarcelona.com\/es\/wp-json\/wp\/v2\/media\/4857"}],"wp:attachment":[{"href":"https:\/\/docbarcelona.com\/es\/wp-json\/wp\/v2\/media?parent=854"}],"wp:term":[{"taxonomy":"post_tag","embeddable":true,"href":"https:\/\/docbarcelona.com\/es\/wp-json\/wp\/v2\/tags?post=854"}],"curies":[{"name":"wp","href":"https:\/\/api.w.org\/{rel}","templated":true}]}}