{"id":856,"date":"2017-01-25T12:53:13","date_gmt":"2017-01-25T12:53:13","guid":{"rendered":"http:\/\/docbarcelona.com\/senaletica\/"},"modified":"2020-09-25T07:21:03","modified_gmt":"2020-09-25T07:21:03","slug":"diseno-senaletico","status":"publish","type":"page","link":"https:\/\/docbarcelona.com\/es\/diseno-senaletico\/","title":{"rendered":"Dise\u00f1o se\u00f1al\u00e9tico"},"content":{"rendered":"\n<h2 class=\"titol\">Dise\u00f1amos sistemas de comunicaci\u00f3n visual y se\u00f1al\u00e9tica<\/h2>\n\n\n\n<h3 class=\"subtitol\">Guiamos a las personas con el dise\u00f1o se\u00f1al\u00edstico en todo tipo de espacios: museos, centros comerciales, tiendas, bibliotecas, parques, &#8230;<\/h3>\n\n\n\n<p class=\"paragraf\">Hacemos proyectos de dise\u00f1o se\u00f1al\u00e9tico integrales que aportan al espacio una est\u00e9tica determinada. Los <strong>sistemas de comunicaci\u00f3n visual<\/strong> que desarrollamos permiten mejorar el uso de espacios p\u00fablicos y privados.<\/p>\n\n\n\n<div style=\"height:20px\" aria-hidden=\"true\" class=\"wp-block-spacer\"><\/div>\n\n\n\n<figure class=\"wp-block-image\"><img decoding=\"async\" loading=\"lazy\" width=\"1200\" height=\"900\" src=\"https:\/\/docbarcelona.com\/wp-content\/uploads\/2019\/06\/senalizacion.jpg\" alt=\"Dise\u00f1o se\u00f1al\u00e9tico\" class=\"wp-image-4078\" srcset=\"https:\/\/docbarcelona.com\/wp-content\/uploads\/2019\/06\/senalizacion.jpg 1200w, https:\/\/docbarcelona.com\/wp-content\/uploads\/2019\/06\/senalizacion-300x225.jpg 300w, https:\/\/docbarcelona.com\/wp-content\/uploads\/2019\/06\/senalizacion-768x576.jpg 768w, https:\/\/docbarcelona.com\/wp-content\/uploads\/2019\/06\/senalizacion-1024x768.jpg 1024w\" sizes=\"(max-width: 1200px) 100vw, 1200px\" \/><\/figure>\n\n\n\n<div style=\"height:20px\" aria-hidden=\"true\" class=\"wp-block-spacer\"><\/div>\n\n\n\n<p class=\"destacat\">Utilizando pictogramas y una gr\u00e1fica adaptada al entorno, conseguimos se\u00f1alizar espacios aportando un valor a\u00f1adido. Elementos de comunicaci\u00f3n visual que <strong>conviven con el espacio<\/strong> y con arreglo a las caracter\u00edsticas arquitect\u00f3nicas de los edificios donde la proporci\u00f3n, el material, el color y la forma de las se\u00f1ales respetan la armon\u00eda del espacio.<\/p>\n\n\n\n<p class=\"paragraf\">Realizamos proyectos de comunicaci\u00f3n visual para todo tipo de fines:<\/p>\n\n\n\n<ol><li> <strong>Se\u00f1al\u00edstica por espacios de oficinas y complejos de negocios<\/strong> <\/li><li> <strong>Se\u00f1al\u00edstica de parques, jardines y casas rurales<\/strong> <\/li><li> <strong>Se\u00f1al\u00edstica de Museos<\/strong> <\/li><li> <strong>Se\u00f1al\u00edstica para bibliotecas<\/strong> <\/li><li> <strong>Se\u00f1al\u00edstica para centros comerciales<\/strong> <\/li><li> <strong>Se\u00f1al\u00edstica para tiendas y supermercados<\/strong> <\/li><li> <strong>Se\u00f1al\u00edstica para ayuntamientos<\/strong> <\/li><li> <strong>Se\u00f1al\u00edstica de oficinas p\u00fablicas de atenci\u00f3n ciudadana<\/strong> <\/li><\/ol>\n\n\n\n<p class=\"paragraf\">Las indicaciones deben mimetizarse con el entorno.<\/p>\n\n\n\n<p class=\"paragraf\">Si quieres integrar una est\u00e9tica determinada en el conjunto de indicaciones de un espacio <a href=\"http:\/\/docbarcelona.com\/contacto\">contacta con nosotros<\/a>.<\/p>\n","protected":false},"excerpt":{"rendered":"<p>Dise\u00f1amos sistemas de comunicaci\u00f3n visual y se\u00f1al\u00e9tica Guiamos a las personas con el dise\u00f1o se\u00f1al\u00edstico en todo tipo de espacios: museos, centros comerciales, tiendas, bibliotecas, [&hellip;]<\/p>\n","protected":false},"author":3,"featured_media":4867,"parent":0,"menu_order":0,"comment_status":"closed","ping_status":"closed","template":"template-blog.php","meta":{"inline_featured_image":false},"tags":[124],"_links":{"self":[{"href":"https:\/\/docbarcelona.com\/es\/wp-json\/wp\/v2\/pages\/856"}],"collection":[{"href":"https:\/\/docbarcelona.com\/es\/wp-json\/wp\/v2\/pages"}],"about":[{"href":"https:\/\/docbarcelona.com\/es\/wp-json\/wp\/v2\/types\/page"}],"author":[{"embeddable":true,"href":"https:\/\/docbarcelona.com\/es\/wp-json\/wp\/v2\/users\/3"}],"replies":[{"embeddable":true,"href":"https:\/\/docbarcelona.com\/es\/wp-json\/wp\/v2\/comments?post=856"}],"version-history":[{"count":8,"href":"https:\/\/docbarcelona.com\/es\/wp-json\/wp\/v2\/pages\/856\/revisions"}],"predecessor-version":[{"id":4862,"href":"https:\/\/docbarcelona.com\/es\/wp-json\/wp\/v2\/pages\/856\/revisions\/4862"}],"wp:featuredmedia":[{"embeddable":true,"href":"https:\/\/docbarcelona.com\/es\/wp-json\/wp\/v2\/media\/4867"}],"wp:attachment":[{"href":"https:\/\/docbarcelona.com\/es\/wp-json\/wp\/v2\/media?parent=856"}],"wp:term":[{"taxonomy":"post_tag","embeddable":true,"href":"https:\/\/docbarcelona.com\/es\/wp-json\/wp\/v2\/tags?post=856"}],"curies":[{"name":"wp","href":"https:\/\/api.w.org\/{rel}","templated":true}]}}