{"id":868,"date":"2017-01-25T13:06:11","date_gmt":"2017-01-25T13:06:11","guid":{"rendered":"http:\/\/docbarcelona.com\/comercio-online\/"},"modified":"2019-11-19T17:31:16","modified_gmt":"2019-11-19T17:31:16","slug":"diseno-de-tiendas-online","status":"publish","type":"page","link":"https:\/\/docbarcelona.com\/es\/diseno-de-tiendas-online\/","title":{"rendered":"Dise\u00f1o de tiendas online"},"content":{"rendered":"\n<h2>\u00bfQuieres hacer una tienda online y no sabes por d\u00f3nde empezar? A continuaci\u00f3n te damos las herramientas necesarias para poner el proyecto en marcha.<\/h2>\n\n\n\n<p>El primer requisito para hacer el dise\u00f1o de una tienda online es el m\u00e1s obvio: <strong>Tener una p\u00e1gina web<\/strong>. Se puede ampliar una p\u00e1gina web ya existente a\u00f1adiendo la tienda o bien se puede plantear como un nuevo proyecto comenzando desde cero.<\/p>\n\n\n\n<p>El primer caso depender\u00e1 de muchos factores. De la tecnolog\u00eda con la que est\u00e1 hecha la p\u00e1gina existente y de si es<strong> compatible con la tecnolog\u00eda de venta<\/strong> que se quiere implementar.<\/p>\n\n\n\n<h2>Por ejemplo, si tenemos una p\u00e1gina web hecha con WordPress, ser\u00eda muy f\u00e1cil <strong>implementar una tienda<\/strong>, ya que WordPress es compatible con herramientas de venta (WooCommerce). En todo caso, si no se tiene esta informaci\u00f3n recomendamos contactar con un profesional del desarrollo web para que nos informe de las posibilidades.<\/h2>\n\n\n\n<p>Hay muchas herramientas de venta online, las m\u00e1s populares son WooCommerce, Prestashop y Magento.<\/p>\n\n\n\n<p>Utilizar alguna de estas herramientas es muy aconsejable, ya que al ser las m\u00e1s populares son las que disponen de <strong>m\u00e1s apoyo y complementos<\/strong> (m\u00f3dulos de funcionalidades).<\/p>\n\n\n\n<p>Una vez tenemos la herramienta de venta se debe construir la web con un objetivo: que al usuario le sea f\u00e1cil y c\u00f3modo comprar. El dise\u00f1o web y los contenidos debe tener en cuenta conceptos como el <strong>ciclo de compra<\/strong> y debe seguir unas pautas:<\/p>\n\n\n\n<ol><li>Hacer un estudio de las <strong>caracter\u00edsticas del producto<\/strong> para que el dise\u00f1o las refleje. <strong>La fotograf\u00eda profesional<\/strong> es fundamental para obtener este objetivo.<\/li><li>Conseguir <strong>la confianza del usuario<\/strong>. Un dise\u00f1o profesional, una buena usabilidad y experiencia har\u00e1 que el usuario tenga la confianza necesaria con tu tienda para comprar tus productos.<\/li><li><strong>Captar la atenci\u00f3n del usuario<\/strong> y dirigirla a los productos o pantallas de venta Mnesia embebida convenientes.<\/li><\/ol>\n\n\n\n<p>Adem\u00e1s del dise\u00f1o son muy importantes las funcionalidades. Para ello hay que hacerse preguntas como:<\/p>\n\n\n\n<h4>\u00bfQuieres vender servicios o productos? Si vienes productos y quieres enviar a domicilio deber\u00e1s contar con una <strong>empresa de transporte<\/strong>. Tambi\u00e9n deber\u00e1s ofrecer al usuario informaci\u00f3n de este env\u00edo como el tipo y el precio.<\/h4>\n\n\n\n<h4><strong>\u00bfQu\u00e9 m\u00e9todos de pago quieres aceptar?<\/strong> Puedes aceptar pagos mediante transferencia bancaria o bien pago con tarjeta o <strong>Paypal<\/strong>. Estos tendr\u00e1n requisitos m\u00e1s espec\u00edficos. Para pagar con tarjeta se debe solicitar una <strong>pasarela de pago Virtual (TPV)<\/strong> a tu banco. Este servicio y el de empresas como Paypal adem\u00e1s tienen comisiones que deber\u00e1s tener en cuenta.<\/h4>\n\n\n\n<p>Aqu\u00ed es donde tienen importancia los complementos. En las empresas de transporte, <strong>bancos o empresas de transacciones en l\u00ednea como Paypal<\/strong> les interesa tener una conexi\u00f3n f\u00e1cil con las herramientas de venta m\u00e1s popular. De este modo, si elegimos por ejemplo WooCommerce, tendremos complementos que integrar\u00e1n el pago de tarjeta de cr\u00e9dito de forma eficiente y segura.<\/p>\n\n\n\n<p>Una tienda bien construida teniendo en cuenta todo esto garantiza una buena base. Pero para vender es necesario que la tienda llegue a potenciales clientes. Por ello deberemos considerar servicios de mejora de <strong>posicionamiento en buscadores<\/strong> o bien hacer una inversi\u00f3n en publicidad (SEM). En cualquiera de los dos casos para tener \u00e9xito hay que tener una estrategia de venta para que la inversi\u00f3n sea eficiente.<\/p>\n\n\n\n<p>Si necesitas m\u00e1s informaci\u00f3n al respecto <a href=\"http:\/\/docbarcelona.com\/es\/contacto\/\">contacta con nosotros<\/a>.<\/p>\n","protected":false},"excerpt":{"rendered":"<p>\u00bfQuieres hacer una tienda online y no sabes por d\u00f3nde empezar? A continuaci\u00f3n te damos las herramientas necesarias para poner el proyecto en marcha. El [&hellip;]<\/p>\n","protected":false},"author":3,"featured_media":4266,"parent":0,"menu_order":0,"comment_status":"closed","ping_status":"closed","template":"template-blog.php","meta":{"inline_featured_image":false},"tags":[126],"_links":{"self":[{"href":"https:\/\/docbarcelona.com\/es\/wp-json\/wp\/v2\/pages\/868"}],"collection":[{"href":"https:\/\/docbarcelona.com\/es\/wp-json\/wp\/v2\/pages"}],"about":[{"href":"https:\/\/docbarcelona.com\/es\/wp-json\/wp\/v2\/types\/page"}],"author":[{"embeddable":true,"href":"https:\/\/docbarcelona.com\/es\/wp-json\/wp\/v2\/users\/3"}],"replies":[{"embeddable":true,"href":"https:\/\/docbarcelona.com\/es\/wp-json\/wp\/v2\/comments?post=868"}],"version-history":[{"count":7,"href":"https:\/\/docbarcelona.com\/es\/wp-json\/wp\/v2\/pages\/868\/revisions"}],"predecessor-version":[{"id":4101,"href":"https:\/\/docbarcelona.com\/es\/wp-json\/wp\/v2\/pages\/868\/revisions\/4101"}],"wp:featuredmedia":[{"embeddable":true,"href":"https:\/\/docbarcelona.com\/es\/wp-json\/wp\/v2\/media\/4266"}],"wp:attachment":[{"href":"https:\/\/docbarcelona.com\/es\/wp-json\/wp\/v2\/media?parent=868"}],"wp:term":[{"taxonomy":"post_tag","embeddable":true,"href":"https:\/\/docbarcelona.com\/es\/wp-json\/wp\/v2\/tags?post=868"}],"curies":[{"name":"wp","href":"https:\/\/api.w.org\/{rel}","templated":true}]}}