{"id":878,"date":"2017-01-26T08:17:10","date_gmt":"2017-01-26T08:17:10","guid":{"rendered":"http:\/\/docbarcelona.com\/ca-es\/"},"modified":"2019-11-19T17:32:30","modified_gmt":"2019-11-19T17:32:30","slug":"creacion-de-contenidos-digitales","status":"publish","type":"page","link":"https:\/\/docbarcelona.com\/es\/creacion-de-contenidos-digitales\/","title":{"rendered":"Creaci\u00f3n de contenidos digitales"},"content":{"rendered":"\n<p>En este articulo encontrar\u00e1s <strong>consejos pr\u00e1cticos para redactar<\/strong> correctamente en internet y analizamos la dualidad del <strong>SEO<\/strong> y el <strong>contenido de calidad<\/strong> en el \u00e1mbito de la redacci\u00f3n de contenidos digitales.<\/p>\n\n\n\n<div id=\"ez-toc-container\" class=\"ez-toc-v2_0_39 counter-flat ez-toc-counter ez-toc-grey ez-toc-container-direction\">\n<div class=\"ez-toc-title-container\">\n<p class=\"ez-toc-title\">&iquest;Qu&eacute; encontrar&aacute;s en esta p&aacute;gina?<\/p>\n<span class=\"ez-toc-title-toggle\"><\/span><\/div>\n<nav><ul class='ez-toc-list ez-toc-list-level-1 ' ><li class='ez-toc-page-1'><a class=\"ez-toc-link ez-toc-heading-1\" href=\"https:\/\/docbarcelona.com\/es\/creacion-de-contenidos-digitales\/#%C2%BFComo_escribir_en_internet\" title=\"\u00bfC\u00f3mo escribir en internet?\">\u00bfC\u00f3mo escribir en internet?<\/a><\/li><li class='ez-toc-page-1'><a class=\"ez-toc-link ez-toc-heading-2\" href=\"https:\/\/docbarcelona.com\/es\/creacion-de-contenidos-digitales\/#La_influencia_del_SEO_en_los_contenidos\" title=\"La influencia del SEO en los contenidos\">La influencia del SEO en los contenidos<\/a><\/li><li class='ez-toc-page-1'><a class=\"ez-toc-link ez-toc-heading-3\" href=\"https:\/\/docbarcelona.com\/es\/creacion-de-contenidos-digitales\/#Consejos_basicos_para_escribir_buenos_textos\" title=\"Consejos b\u00e1sicos para escribir buenos textos\">Consejos b\u00e1sicos para escribir buenos textos<\/a><\/li><li class='ez-toc-page-1'><a class=\"ez-toc-link ez-toc-heading-4\" href=\"https:\/\/docbarcelona.com\/es\/creacion-de-contenidos-digitales\/#El_tono_y_el_estilo\" title=\"El tono y el estilo\">El tono y el estilo<\/a><\/li><\/ul><\/nav><\/div>\n<h2 class=\"titol\"><span class=\"ez-toc-section\" id=\"%C2%BFComo_escribir_en_internet\"><\/span>\u00bfC\u00f3mo escribir en internet?<span class=\"ez-toc-section-end\"><\/span><\/h2>\n\n\n\n<p>Los contenidos que encontramos en muchas p\u00e1ginas web est\u00e1n <strong>optimizados para SEO<\/strong>. Para ello no es necesario que nos olvidemos los lectores y lectores que aterrizan en nuestra p\u00e1gina. Al rev\u00e9s! Un<strong> contenido de calidad<\/strong>, que interese a nuestros usuarios, es fundamental para mejorar el posicionamiento. <\/p>\n\n\n\n<p>La <strong>brevedad<\/strong> es un factor importante cuando queremos escribir para internet. Ya sea si redactamos un articulo en nuestro blog o una ficha de producto <strong>escribe breve i conciso<\/strong>. Los usuarios quieren <strong>encontrar lo que buscan<\/strong> lo m\u00e1s r\u00e1pido posible. <\/p>\n\n\n\n<p>Los muros de texto son tu peor enemigo. Un texto esquematizado y con una <strong>jerarqu\u00eda clara<\/strong> facilitar\u00e1 la <strong>lectura r\u00e1pida<\/strong> y el escaneo del texto. Alternar estilos de texto es una buena t\u00e9cnica para priorizar aquellos punto m\u00e1s importantes.<\/p>\n\n\n\n<h2><span class=\"ez-toc-section\" id=\"La_influencia_del_SEO_en_los_contenidos\"><\/span>La influencia del SEO en los contenidos<span class=\"ez-toc-section-end\"><\/span><\/h2>\n\n\n\n<p>Muchas veces pensamos que crear contenidos que posicionen requiere <strong>seguir unas pautas t\u00e9cnicas de SEO.<\/strong> En parte es as\u00ed, ya que es necesario que nuestro texto se centre en las palabras clave que queremos posicionar y algunos criterios que mejorar\u00e1n la indexaci\u00f3n de los buscadores. Pero lo que deber\u00edamos priorizar que <strong>estamos escribiendo para personas<\/strong>, no para Google.<\/p>\n\n\n\n<h2><span class=\"ez-toc-section\" id=\"Consejos_basicos_para_escribir_buenos_textos\"><\/span>Consejos b\u00e1sicos para escribir buenos textos<span class=\"ez-toc-section-end\"><\/span><\/h2>\n\n\n\n<p>Una <strong>exposici\u00f3n ordenada<\/strong> de tus ideas es primordial para que los lectores entiendan en todo momento de qu\u00e9 estas hablando.<\/p>\n\n\n\n<p>Estructurar el contenido con <strong>t\u00edtulos (&lt;H2&gt;) <\/strong>no s\u00f3lo mejorar\u00e1 la indexaci\u00f3n de los motores de b\u00fasqueda. Tambi\u00e9n ayudar\u00e1 a <strong>estructurar los contenidos<\/strong> con criterio.<\/p>\n\n\n\n<p>Visualiza a qui\u00e9n quieres hablar. <strong>Enf\u00f3cate a tu p\u00fablico objetivo<\/strong> y ver\u00e1s que tus textos se escribir\u00e1n solos.<\/p>\n\n\n\n<p>Una vez m\u00e1s ir al grano ser\u00e1 tu mejor cualidad cuando escribas. Recuerda, <strong>texto directos, breves, simples y cargados de significado<\/strong>.<\/p>\n\n\n\n<h2><span class=\"ez-toc-section\" id=\"El_tono_y_el_estilo\"><\/span>El tono y el estilo<span class=\"ez-toc-section-end\"><\/span><\/h2>\n\n\n\n<p class=\"paragraf destacat\">Los contenidos que se publican bajo tu firma deben responder a unos <strong>criterios estil\u00edsticos de comunicaci\u00f3n<\/strong>. El tono y estilo de tus textos tienen que estar en l\u00ednea con tu marca.<\/p>\n\n\n\n<p class=\"paragraf\"><em>Por ejemplo, ser\u00eda contraproducente para una empresa que tiene valores de marca como pueden ser la adecuaci\u00f3n y la seriedad, que el <\/em><strong><em>estilo de copy<\/em><\/strong><em> que se utilice para contactar con sus clientes sea informal y despreocupado. Una marca es un todo y es por eso que los textos de tu empresa deben reforzar la imagen que tienen tus clientes de tu empresa. <\/em><\/p>\n\n\n\n<p>El estilo puede variar sensiblemente en relaci\u00f3n a la finalidad del texto. Por ejemplo no es lo mismo escribir<strong> textos corporativos<\/strong> que un <strong>articulo para afiliaci\u00f3n<\/strong> o un texto para <strong>E-Mail Marketing<\/strong>. Las redes sociales por ejemplo tienen un estilo de redacci\u00f3n distinto al resto de finalidades.<\/p>\n\n\n\n<div style=\"height:25px\" aria-hidden=\"true\" class=\"wp-block-spacer\"><\/div>\n\n\n\n<p class=\"paragraf\">Si necesitas m\u00e1s informaci\u00f3n al respecto <a href=\"http:\/\/docbarcelona.com\/contacto\">contacta con nosotros<\/a> y te ayudaremos con tus textos para internet.<\/p>\n","protected":false},"excerpt":{"rendered":"<p>En este articulo encontrar\u00e1s consejos pr\u00e1cticos para redactar correctamente en internet y analizamos la dualidad del SEO y el contenido de calidad en el \u00e1mbito [&hellip;]<\/p>\n","protected":false},"author":3,"featured_media":4258,"parent":0,"menu_order":0,"comment_status":"closed","ping_status":"closed","template":"template-blog.php","meta":{"inline_featured_image":false},"tags":[140],"_links":{"self":[{"href":"https:\/\/docbarcelona.com\/es\/wp-json\/wp\/v2\/pages\/878"}],"collection":[{"href":"https:\/\/docbarcelona.com\/es\/wp-json\/wp\/v2\/pages"}],"about":[{"href":"https:\/\/docbarcelona.com\/es\/wp-json\/wp\/v2\/types\/page"}],"author":[{"embeddable":true,"href":"https:\/\/docbarcelona.com\/es\/wp-json\/wp\/v2\/users\/3"}],"replies":[{"embeddable":true,"href":"https:\/\/docbarcelona.com\/es\/wp-json\/wp\/v2\/comments?post=878"}],"version-history":[{"count":14,"href":"https:\/\/docbarcelona.com\/es\/wp-json\/wp\/v2\/pages\/878\/revisions"}],"predecessor-version":[{"id":4307,"href":"https:\/\/docbarcelona.com\/es\/wp-json\/wp\/v2\/pages\/878\/revisions\/4307"}],"wp:featuredmedia":[{"embeddable":true,"href":"https:\/\/docbarcelona.com\/es\/wp-json\/wp\/v2\/media\/4258"}],"wp:attachment":[{"href":"https:\/\/docbarcelona.com\/es\/wp-json\/wp\/v2\/media?parent=878"}],"wp:term":[{"taxonomy":"post_tag","embeddable":true,"href":"https:\/\/docbarcelona.com\/es\/wp-json\/wp\/v2\/tags?post=878"}],"curies":[{"name":"wp","href":"https:\/\/api.w.org\/{rel}","templated":true}]}}